{"id":10,"date":"2018-08-15T16:22:08","date_gmt":"2018-08-15T19:22:08","guid":{"rendered":"http:\/\/lacicor.eba.ufmg.br\/antecipa\/?page_id=10"},"modified":"2024-02-23T17:29:52","modified_gmt":"2024-02-23T20:29:52","slug":"ciencia-do-patrimonio","status":"publish","type":"page","link":"https:\/\/lacicor.eba.ufmg.br\/antecipa\/index.php\/ciencia-do-patrimonio\/","title":{"rendered":"Ci\u00eancia do Patrim\u00f4nio"},"content":{"rendered":"\n<p>A\npreserva\u00e7\u00e3o da mem\u00f3ria e de seus fatos tang\u00edveis e intang\u00edveis \u00e9\num dos elementos fundamentais da Cultura. A partir da segunda metade\ndo s\u00e9culo XVIII ela se torna mais sistematizada, atraindo\ngradativamente destaque, interesse, investimento e conformando, a\npartir do s\u00e9culo XX, um campo de conhecimento aut\u00f4nomo e complexo.\nAs demandas e desafios que se apresentam contemporaneamente como\nproblemas para a pesquisa cient\u00edfica e o desenvolvimento tecnol\u00f3gico\nnesta \u00e1rea, s\u00e3o igualmente complexos, requerendo abordagens\nplurais, em regime de trabalho e produ\u00e7\u00e3o por meio de redes\ninterdependentes e colaborativas<\/p>\n\n\n\n<p>A <strong>Ci\u00eancia da Conserva\u00e7\u00e3o <\/strong>vem construindo, desde o s\u00e9culo XIX, um <em>status<\/em> de inst\u00e2ncia validadora dos procedimentos de conserva\u00e7\u00e3o-restaura\u00e7\u00e3o do Patrim\u00f4nio Cultural tang\u00edvel. O campo e h\u00e1bito da Ci\u00eancia da Conserva\u00e7\u00e3o vem se tornando mais claros e definidos \u00e0 medida que cole\u00e7\u00f5es privadas e p\u00fablicas se tornam mais extensas e organizadas, e se constituem como patrim\u00f4nio financeiro, determinando a necessidade de pessoas capacitadas para a sua manuten\u00e7\u00e3o.<\/p>\n\n\n\n<p>Um\nmarco importante para a consolida\u00e7\u00e3o da Ci\u00eancia da Conserva\u00e7\u00e3o\nfoi o <a href=\"https:\/\/www.iccrom.org\/it\/publication\/university-postgraduate-curricula-conservation-scientists-proceedings-international\"><strong>semin\u00e1rio\ninternacional<\/strong><\/a>\n\u201cUniversity postgraduate curricula for conservation scientists\u201d\npromovido pelo Centro Internacional para o Estudo da Preserva\u00e7\u00e3o e\nRestaura\u00e7\u00e3o do Patrim\u00f4nio Cultural (ICCROM) realizado em Bolonha,\nem 1999, cujo documento resultante conclui que<\/p>\n\n\n\n<p>\nO(a)\ncientista da conserva\u00e7\u00e3o pode ser definido(a) como um(a) cientista\ncom forma\u00e7\u00e3o em ci\u00eancias naturais, f\u00edsicas ou aplicadas e com\nconhecimento adicional em conserva\u00e7\u00e3o (\u00e9tica, hist\u00f3ria, valores\nculturais, hist\u00f3ria da arte t\u00e9cnica, t\u00e9cnicas e pr\u00e1ticas de\nconserva\u00e7\u00e3o do passado e do presente e outros aspectos cient\u00edficos\nespec\u00edficos) que lhe permitem contribuir para estudo e conserva\u00e7\u00e3o\ndo patrim\u00f4nio cultural em uma equipe interdisciplinar.<\/p>\n\n\n\n<p>O\ntermo <strong>Ci\u00eancia\ndo Patrim\u00f4nio<\/strong>\npassou a ser mais frequentemente utilizado a partir de 2006, quando o\n<a href=\"https:\/\/publications.parliament.uk\/pa\/ld200506\/ldselect\/ldsctech\/256\/256.pdf\"><em><strong>Comit\u00ea\nde Ci\u00eancia e Tecnologia do Parlamento Brit\u00e2nico<\/strong><\/em><\/a>\nprop\u00f4s o seu uso para denominar um campo cient\u00edfico mais amplo,\nconfigurando uma expans\u00e3o da Ci\u00eancia da Conserva\u00e7\u00e3o. \n<\/p>\n\n\n\n<p>Estariam\na\u00ed contidos todos os aspectos da pesquisa realizada pelos cientistas\nda conserva\u00e7\u00e3o, realizada em institui\u00e7\u00f5es museais, universidades\ne institutos de pesquisa, <strong>abrangendo\nn\u00e3o somente a investiga\u00e7\u00e3o dos aspectos f\u00edsicos e materiais que\nd\u00e3o suporte \u00e0 Conserva\u00e7\u00e3o-Restaura\u00e7\u00e3o, mas tamb\u00e9m a gest\u00e3o,\nregistro, documenta\u00e7\u00e3o e interpreta\u00e7\u00e3o do Patrim\u00f4nio Cultural<\/strong>.\nO documento detalha e compara a situa\u00e7\u00e3o brit\u00e2nica com a europeia\ne com a norte-americana em termos do n\u00famero de profissionais\nenvolvidos com a preserva\u00e7\u00e3o do Patrim\u00f4nio Cultural e a propor\u00e7\u00e3o\nde cientistas entre eles. \n<\/p>\n\n\n\n<p>Como desdobramento desse documento foi criado no Reino Unido o F\u00f3rum Nacional de Ci\u00eancia do Patrim\u00f4nio, que disponibiliza, em seu <a href=\"http:\/\/www.heritagescienceforum.org.uk\/\"><em><strong>website<\/strong><\/em><\/a> uma s\u00e9rie de publica\u00e7\u00f5es com detalhes da pol\u00edtica brit\u00e2nica de preserva\u00e7\u00e3o, cabendo destacar a publica\u00e7\u00e3o <a href=\"http:\/\/www.heritagescienceforum.org.uk\/documents\/nhss_vision_strategy_web.pdf\"><em><strong>Our Vision and Strategy for Heritage Science<\/strong><\/em><\/a>, segundo a qual<\/p>\n\n\n\n<p>\nA\nCi\u00eancia do Patrim\u00f4nio \u00e9 um campo de trabalho que faz a liga\u00e7\u00e3o\nentre as Ci\u00eancias Humanas e Naturais. Ele amplia a compreens\u00e3o e\nvaloriza\u00e7\u00e3o do Patrim\u00f4nio Cultural por parte das pessoas\nindependentemente da sua idade, e \u00e9 um daqueles temas h\u00edbridos que\nenvolve as pessoas com essas disciplinas. Seja por meio do uso ou do\ndesenvolvimento cient\u00edfico que auxilia a entender, gerenciar e\ncomunicar a Hist\u00f3ria, expressa atrav\u00e9s de paisagens, edif\u00edcios e\nartefatos a Ci\u00eancia do Patrim\u00f4nio incentiva a colabora\u00e7\u00e3o e o\nrefor\u00e7o m\u00fatuo entre as Ci\u00eancias Humanas e Naturais.<\/p>\n\n\n\n<p>Uma\nimportante iniciativa internacional embasada neste conceito \u00e9 a\nPlataforma Europeia Integrada de Infraestrutura de Pesquisa do\nPatrim\u00f4nio Cultural, o cons\u00f3rcio <a href=\"http:\/\/www.iperionch.eu\/about\/\"><em><strong>IPERION-CH<\/strong><\/em><\/a>,\nfinanciado pelo programa <a href=\"http:\/\/ec.europa.eu\/programmes\/horizon2020\/en\"><em><strong>Horizon\n2020<\/strong><\/em><\/a>da\nUni\u00e3o Europ\u00e9ia. Dentre outros objetivos, o <em>IPERION\n<\/em>visa\na cria\u00e7\u00e3o de redes para compartilhamento de infraestruturas de\npesquisa voltadas para a Conserva\u00e7\u00e3o-Restaura\u00e7\u00e3o do Patrim\u00f4nio\nCultural, como por exemplo a <a href=\"http:\/\/www.e-rihs.eu\/about\/about\/\"><em><strong>E-RIHS\n&#8211; European Research Infrastructure for Heritage Science<\/strong><\/em><\/a>.\n<\/p>\n\n\n\n<p>Em\n<a href=\"https:\/\/onlinelibrary.wiley.com\/doi\/epdf\/10.1002\/anie.201804246\"><strong>editorial<\/strong><\/a>\nrecente, <a href=\"http:\/\/www.e-rihs.eu\/prof-strlic-introduces-heritage-science-means\/\"><strong>destacado\nno website da E-RIHS<\/strong><\/a>,\no Prof. Matija Strlic do University College London discute o\nsignificado do termo, apresentando-o como um <em><strong>\u201cguarda-chuva\nque abrange a Ci\u00eancia da Conserva\u00e7\u00e3o, Ci\u00eancia Arqueol\u00f3gica e\nCi\u00eancia da Constru\u00e7\u00e3o\u201d.<\/strong><\/em><\/p>\n","protected":false},"excerpt":{"rendered":"<p>A preserva\u00e7\u00e3o da mem\u00f3ria e de seus fatos tang\u00edveis e intang\u00edveis \u00e9 um dos elementos fundamentais da Cultura. A partir da segunda metade do s\u00e9culo XVIII ela se torna mais &#8230;<\/p>\n","protected":false},"author":1,"featured_media":0,"parent":0,"menu_order":0,"comment_status":"closed","ping_status":"closed","template":"","meta":{"footnotes":""},"class_list":["post-10","page","type-page","status-publish","hentry"],"_links":{"self":[{"href":"https:\/\/lacicor.eba.ufmg.br\/antecipa\/index.php\/wp-json\/wp\/v2\/pages\/10","targetHints":{"allow":["GET"]}}],"collection":[{"href":"https:\/\/lacicor.eba.ufmg.br\/antecipa\/index.php\/wp-json\/wp\/v2\/pages"}],"about":[{"href":"https:\/\/lacicor.eba.ufmg.br\/antecipa\/index.php\/wp-json\/wp\/v2\/types\/page"}],"author":[{"embeddable":true,"href":"https:\/\/lacicor.eba.ufmg.br\/antecipa\/index.php\/wp-json\/wp\/v2\/users\/1"}],"replies":[{"embeddable":true,"href":"https:\/\/lacicor.eba.ufmg.br\/antecipa\/index.php\/wp-json\/wp\/v2\/comments?post=10"}],"version-history":[{"count":5,"href":"https:\/\/lacicor.eba.ufmg.br\/antecipa\/index.php\/wp-json\/wp\/v2\/pages\/10\/revisions"}],"predecessor-version":[{"id":1297,"href":"https:\/\/lacicor.eba.ufmg.br\/antecipa\/index.php\/wp-json\/wp\/v2\/pages\/10\/revisions\/1297"}],"wp:attachment":[{"href":"https:\/\/lacicor.eba.ufmg.br\/antecipa\/index.php\/wp-json\/wp\/v2\/media?parent=10"}],"curies":[{"name":"wp","href":"https:\/\/api.w.org\/{rel}","templated":true}]}}