{"id":12,"date":"2018-08-15T16:35:01","date_gmt":"2018-08-15T19:35:01","guid":{"rendered":"http:\/\/lacicor.eba.ufmg.br\/antecipa\/?page_id=12"},"modified":"2026-03-20T10:13:01","modified_gmt":"2026-03-20T13:13:01","slug":"diretoria-e-conselhos","status":"publish","type":"page","link":"https:\/\/lacicor.eba.ufmg.br\/antecipa\/index.php\/diretoria-e-conselhos\/","title":{"rendered":"Diretoria e Conselhos"},"content":{"rendered":"\n<p><strong>Gest\u00e3o 2025-2027<\/strong><\/p>\n\n\n\n<p><strong>PRESIDENTE<\/strong><br>LUIZ ANT\u00d4NIO CRUZ SOUZA (UFMG) <br><\/p>\n\n\n\n<p><strong>VICE-PRESIDENTE<\/strong><br>WILLI DE BARROS GON\u00c7ALVES (UFMG)<br><\/p>\n\n\n\n<p><strong>PRIMEIRO SECRET\u00c1RIO<\/strong><br>GLENDA MA\u00cdRA SILVA MELO (UEMG)<br><\/p>\n\n\n\n<p><strong>SEGUNDO SECRET\u00c1RIO<\/strong><br>LIVIA LUDMILA FREIRE DE CARVALHO (IFMG)<br><\/p>\n\n\n\n<p><strong>PRIMEIRO TESOUREIRO<\/strong><br>THAIS HOELZLE ALVES DA COSTA (Doutoranda UFMG)<br><\/p>\n\n\n\n<p><strong>SEGUNDO TESOUREIRO<\/strong><br>PATR\u00cdCIA VAZ DE MELLO LAVALL (Conservadora-Restauradora \/ MG)<br><\/p>\n\n\n\n<p><strong>PRESIDENTE DO CONSELHO DE ADMINISTRA\u00c7\u00c3O<\/strong><br>KARLA BALZUWEIT (UFMG)<br><\/p>\n\n\n\n<p><strong>MEMBROS DO CONSELHO DE ADMINISTRA\u00c7\u00c3O<\/strong><br>R\u00c9GIS EDUARDO MARTINS (IFMG)<br>P\u00c9RSIDE OMENA RIBEIRO (Conservadora-Restauradora \/ PE)<br><\/p>\n\n\n\n<p><strong>PRESIDENTE DO CONSELHO FISCAL<\/strong><br>PAOLA DE MACEDO GOMES DIAS VILLAS B\u00d4AS&nbsp; (IFMG) <br><\/p>\n\n\n\n<p><strong>MEMBROS DO CONSELHO FISCAL<\/strong><br>ELISABETE EDELVITA CHAVES DA SILVA (FIOCRUZ) <br>ANDR\u00c9A LACERDA BACHETTINI (UFPEL)<br><\/p>\n\n\n\n<p><strong>PRESIDENTE DO COMIT\u00ca CIENT\u00cdFICO-EDITORIAL<\/strong><br>CAMILLA HENRIQUES MAIA DE CAMARGOS (UFMG)<br><\/p>\n\n\n\n<p><strong>MEMBROS DO COMIT\u00ca CIENT\u00cdFICO-EDITORIAL<\/strong><br>CATHERINE JACQUELINE SUZANNE GALLOIS (MAST)<br>BRUNO FORTES LUCE (FURG)<\/p>\n\n\n\n<p>&nbsp;&nbsp;<\/p>\n\n\n\n<p><strong>Gest\u00e3o 2023-2024<\/strong><\/p>\n\n\n\n<p><strong>PRESIDENTE<\/strong> <br>M\u00c1RCIA DE MATHIAS RIZZO (UFRJ)<br><\/p>\n\n\n\n<p><strong>VICE-PRESIDENTE<\/strong> <br>WILLI DE BARROS GON\u00c7ALVES (UFMG)<br><\/p>\n\n\n\n<p><strong>PRIMEIRO SECRET\u00c1RIO<\/strong> <br>ELIANA URSINE DA CUNHA MELLO (Doutoranda UFBA)<br><\/p>\n\n\n\n<p><strong>SEGUNDO SECRET\u00c1RIO<\/strong> <br>PAOLA DE MACEDO GOMES DIAS VILLAS B\u00d4AS&nbsp; (IFMG)<br><\/p>\n\n\n\n<p><strong>PRIMEIRO TESOUREIRO<\/strong> <br>THAIS HOELZLE ALVES DA COSTA (Profa. substituta IFMG)<br><\/p>\n\n\n\n<p><strong>SEGUNDO TESOUREIRO<\/strong> <br>PATR\u00cdCIA VAZ DE MELLO LAVALL (Conservadora-Restauradora \/ MG)<br><\/p>\n\n\n\n<p><strong>PRESIDENTE DO CONSELHO DE ADMINISTRA\u00c7\u00c3O<\/strong> <br>KARLA BALZUWEIT (UFMG)<br><\/p>\n\n\n\n<p><strong>MEMBROS DO CONSELHO DE ADMINISTRA\u00c7\u00c3O<\/strong> <br>ELISABETE EDELVITA CHAVES DA SILVA (FIOCRUZ)<br>JENIFFER ALVES CUTY (UFRGS)<br><\/p>\n\n\n\n<p><strong>PRESIDENTE DO CONSELHO FISCAL<\/strong> <br>LUIZ ANT\u00d4NIO CRUZ SOUZA (UFMG)<br><\/p>\n\n\n\n<p><strong>MEMBROS DO CONSELHO FISCAL<\/strong> <br>THIAGO SEVILHANO PUGLIERI (UCLA)<br>ANDR\u00c9A LACERDA BACHETTINI (UFPEL)<br><\/p>\n\n\n\n<p><strong>PRESIDENTE DO COMIT\u00ca CIENT\u00cdFICO-EDITORIAL<\/strong> <br>M\u00c1RCIA DE ALMEIDA RIZZUTTO (USP)<br><\/p>\n\n\n\n<p><strong>MEMBROS DO COMIT\u00ca CIENT\u00cdFICO-EDITORIAL<\/strong> <br>THAIS ALESSANDRA BASTOS CAMINHA SANJAD (UFPA)<br>FL\u00c1VIA OLEG\u00c1RIO PAL\u00c1CIOS (UFPA)<br><\/p>\n\n\n\n<p><\/p>\n\n\n\n<p><strong>Gest\u00e3o 2021-2022<\/strong><\/p>\n\n\n\n<div class=\"wp-block-columns has-2-columns is-layout-flex wp-container-core-columns-is-layout-1 wp-block-columns-is-layout-flex\">\n<div class=\"wp-block-column is-layout-flow wp-block-column-is-layout-flow\">\n<p><strong>Presidente<br><\/strong>LUIZ ANT\u00d4NIO CRUZ SOUZA (UFMG)&nbsp;<\/p>\n\n\n\n<p><strong>Vice-Presidente<br><\/strong> THIAGO SEVILHANO PUGLIERI (UFPel) <br><\/p>\n\n\n\n<p><strong>Primeiro Secret\u00e1rio<br><\/strong>ELIANA URSINE DA CUNHA MELLO (Doutoranda UFBA)<br><\/p>\n\n\n\n<p><strong>Segundo Secret\u00e1rio <br><\/strong>WILLI DE BARROS GON\u00c7ALVES (UFMG) <br><\/p>\n\n\n\n<p><strong>Primeiro Tesoureiro<br><\/strong>KARLA BALZUWEIT (UFMG)<\/p>\n\n\n\n<p><strong>Segundo Tesoureiro <br><\/strong> RITA LAGES RODRIGUES (UFMG)<\/p>\n<\/div>\n\n\n\n<div class=\"wp-block-column is-layout-flow wp-block-column-is-layout-flow\">\n<p><strong>Conselho de Administra\u00e7\u00e3o <br><\/strong>ALESSANDRA ROSADO (UFMG) &#8211; Presidente<br>DAIANE PEREIRA (SAB\/Doutoranda UFMG)<br>ELIANE APARECIDA DEL LAMA (USP)<\/p>\n\n\n\n<p><strong>Conselho Fiscal<br><\/strong> CARLOS ROBERTO APPOLONI (UEL) &#8211;&nbsp; Presidente<br>M\u00c1RCIA DE MATHIAS RIZZO (UFRJ)<br>PAOLA DE MACEDO GOMES DIAS VILLAS BOAS (IFMG-OP)<br><\/p>\n\n\n\n<p><strong>Comit\u00ea Cient\u00edfico-Editorial<br><\/strong> M\u00c1RCIA DE ALMEIDA RIZZUTTO (USP) &#8211; Presidente<br>THAIS ALESSANDRA BASTOS CAMINHA SANJAD (UFPA)<br>FL\u00c1VIA OLEG\u00c1RIO PAL\u00c1CIOS (UFPA)<\/p>\n<\/div>\n<\/div>\n\n\n\n<p><\/p>\n\n\n\n<p><strong>Gest\u00e3o 2018 &#8211; 2020<\/strong><\/p>\n\n\n\n<div class=\"wp-block-columns has-2-columns is-layout-flex wp-container-core-columns-is-layout-2 wp-block-columns-is-layout-flex\">\n<div class=\"wp-block-column is-layout-flow wp-block-column-is-layout-flow\">\n<p><strong>Presidente<br><\/strong>LUIZ ANT\u00d4NIO CRUZ SOUZA (UFMG)&nbsp;<\/p>\n\n\n\n<p><strong>Vice-Presidente<br><\/strong>THAIS ALESSANDRA BASTOS CAMINHA SANJAD (UFPA) <br><\/p>\n\n\n\n<p><strong>Primeiro Secret\u00e1rio<br><\/strong>WILLI DE BARROS GON\u00c7ALVES (UFMG)<\/p>\n\n\n\n<p><strong>Segundo Secret\u00e1rio <br><\/strong>THIAGO SEVILHANO PUGLIERI (UFPel)&nbsp; <br><\/p>\n\n\n\n<p><strong>Primeiro Tesoureiro<br><\/strong>KARLA BALZUWEIT (UFMG)<\/p>\n\n\n\n<p><strong>Segundo Tesoureiro <br><\/strong> RITA LAGES RODRIGUES (UFMG)<\/p>\n<\/div>\n\n\n\n<div class=\"wp-block-column is-layout-flow wp-block-column-is-layout-flow\">\n<p><strong>Conselho de Administra\u00e7\u00e3o <br><\/strong>ALESSANDRA ROSADO (UFMG) &#8211; Presidente<br>FL\u00c1VIA OLEG\u00c1RIO PAL\u00c1CIOS (UFPA)<br>ELIANE APARECIDA DEL LAMA (USP)<\/p>\n\n\n\n<p><strong>Conselho Fiscal<br><\/strong>ROS\u00c2NGELA REIS COSTA &#8211; Presidente<br>ANT\u00d4NIO GILBERTO COSTA (UFMG) <br>BETHANIA REIS VELOSO (UFMG)<\/p>\n\n\n\n<p><strong>Comit\u00ea Cient\u00edfico-Editorial<br><\/strong> YACY ARA FRONER GON\u00c7ALVES (UFMG) &#8211; Presidente<br>M\u00c1RCIA DE ALMEIDA RIZZUTTO (USP)<br>CARLOS ROBERTO APPOLONI (UEL)<\/p>\n<\/div>\n<\/div>\n\n\n\n<p><strong><\/strong><\/p>\n\n\n\n<p><strong>Gest\u00e3o 2015 \u2013 2018<\/strong><\/p>\n\n\n\n<div class=\"wp-block-columns has-2-columns is-layout-flex wp-container-core-columns-is-layout-3 wp-block-columns-is-layout-flex\">\n<div class=\"wp-block-column is-layout-flow wp-block-column-is-layout-flow\">\n<p><strong>Presidente<br><\/strong>THAIS ALESSANDRA BASTOS CAMINHA SANJAD (UFPA)<\/p>\n\n\n\n<p><strong>Vice-Presidente<br><\/strong>LUIZ ANT\u00d4NIO CRUZ SOUZA (UFMG)<\/p>\n\n\n\n<p><strong>Primeiro Secret\u00e1rio<br><\/strong>WILLI DE BARROS GON\u00c7ALVES (UFMG)<\/p>\n\n\n\n<p><strong>Segundo Secret\u00e1rio <br><\/strong> ALESSANDRA ROSADO (UFMG)<\/p>\n\n\n\n<p><strong>Primeiro Tesoureiro<br><\/strong>KARLA BALZUWEIT (UFMG)<\/p>\n\n\n\n<p><strong>Segundo Tesoureiro <br><\/strong> MARCO ANTONIO PENIDO DE REZENDE (UFMG)<\/p>\n<\/div>\n\n\n\n<div class=\"wp-block-column is-layout-flow wp-block-column-is-layout-flow\">\n<p><strong>Conselho de Administra\u00e7\u00e3o <br><\/strong> RITA LAGES RODRIGUES (UFMG) &#8211; Presidente<br>CARLOS ROBERTO APPOLONI (UEL)<br>ELIANE APARECIDA DEL LAMA (USP)<\/p>\n\n\n\n<p><strong>Conselho Fiscal<br><\/strong>THIAGO SEVILHANO PUGLIERI (UFPEL) &#8211; Presidente<br>MASSIMILIANO FONTANA<br>BETHANIA REIS VELOSO (UFMG)<\/p>\n\n\n\n<p><strong>Comit\u00ea Cient\u00edfico-Editorial<br><\/strong> YACY ARA FRONER GON\u00c7ALVES (UFMG) &#8211; Presidente<br>M\u00c1RCIA DE ALMEIDA RIZZUTTO (USP)<br>ANT\u00d4NIO GILBERTO COSTA (UFMG)<\/p>\n<\/div>\n<\/div>\n","protected":false},"excerpt":{"rendered":"<p>Gest\u00e3o 2025-2027 PRESIDENTELUIZ ANT\u00d4NIO CRUZ SOUZA (UFMG) VICE-PRESIDENTEWILLI DE BARROS GON\u00c7ALVES (UFMG) PRIMEIRO SECRET\u00c1RIOGLENDA MA\u00cdRA SILVA MELO (UEMG) SEGUNDO SECRET\u00c1RIOLIVIA LUDMILA FREIRE DE CARVALHO (IFMG) PRIMEIRO TESOUREIROTHAIS HOELZLE ALVES DA &#8230;<\/p>\n","protected":false},"author":1,"featured_media":0,"parent":0,"menu_order":0,"comment_status":"closed","ping_status":"closed","template":"","meta":{"footnotes":""},"class_list":["post-12","page","type-page","status-publish","hentry"],"_links":{"self":[{"href":"https:\/\/lacicor.eba.ufmg.br\/antecipa\/index.php\/wp-json\/wp\/v2\/pages\/12","targetHints":{"allow":["GET"]}}],"collection":[{"href":"https:\/\/lacicor.eba.ufmg.br\/antecipa\/index.php\/wp-json\/wp\/v2\/pages"}],"about":[{"href":"https:\/\/lacicor.eba.ufmg.br\/antecipa\/index.php\/wp-json\/wp\/v2\/types\/page"}],"author":[{"embeddable":true,"href":"https:\/\/lacicor.eba.ufmg.br\/antecipa\/index.php\/wp-json\/wp\/v2\/users\/1"}],"replies":[{"embeddable":true,"href":"https:\/\/lacicor.eba.ufmg.br\/antecipa\/index.php\/wp-json\/wp\/v2\/comments?post=12"}],"version-history":[{"count":18,"href":"https:\/\/lacicor.eba.ufmg.br\/antecipa\/index.php\/wp-json\/wp\/v2\/pages\/12\/revisions"}],"predecessor-version":[{"id":1686,"href":"https:\/\/lacicor.eba.ufmg.br\/antecipa\/index.php\/wp-json\/wp\/v2\/pages\/12\/revisions\/1686"}],"wp:attachment":[{"href":"https:\/\/lacicor.eba.ufmg.br\/antecipa\/index.php\/wp-json\/wp\/v2\/media?parent=12"}],"curies":[{"name":"wp","href":"https:\/\/api.w.org\/{rel}","templated":true}]}}