{"id":19,"date":"2018-08-15T16:37:33","date_gmt":"2018-08-15T19:37:33","guid":{"rendered":"http:\/\/lacicor.eba.ufmg.br\/antecipa\/?page_id=19"},"modified":"2019-08-07T23:37:01","modified_gmt":"2019-08-08T02:37:01","slug":"categorias-de-associados","status":"publish","type":"page","link":"https:\/\/lacicor.eba.ufmg.br\/antecipa\/index.php\/categorias-de-associados\/","title":{"rendered":"Categorias de Associados"},"content":{"rendered":"\n<p>A\nANTECIPA tem quatro categorias de associados:<\/p>\n\n\n\n<p>I\n&#8211; TITULAR \u2013 associado regularmente cadastrado, em dia com as\nobriga\u00e7\u00f5es sociais da Associa\u00e7\u00e3o;<\/p>\n\n\n\n<p>II\n&#8211; ESTUDANTE \u2013 associado regularmente matriculado em curso t\u00e9cnico\nou de n\u00edvel m\u00e9dio, gradua\u00e7\u00e3o em n\u00edvel superior ou de\np\u00f3s-gradua\u00e7\u00e3o, cujo v\u00ednculo tenha sido devidamente comprovado\njunto ao Conselho de Administra\u00e7\u00e3o;<\/p>\n\n\n\n<p>III\n&#8211; INSTITUCIONAL \u2013 pessoas jur\u00eddicas e entidades p\u00fablicas ou\nprivadas, nacionais ou estrangeiras, incluindo laborat\u00f3rios e\ncentros de pesquisa formalmente constitu\u00eddos.;<\/p>\n\n\n\n<p>IV\n\u2013 BENEM\u00c9RITO &#8211; receber\u00e1 o diploma de &#8220;Benem\u00e9rito\u201d da\nANTECIPA a pessoa f\u00edsica ou jur\u00eddica que, por seus altos servi\u00e7os\nou atos de benemer\u00eancia, se assim for julgada e aprovada merecedora\npela Assembleia Geral, por proposta da Diretoria.<\/p>\n\n\n\n<p><br\/><\/p>\n","protected":false},"excerpt":{"rendered":"<p>A ANTECIPA tem quatro categorias de associados: I &#8211; TITULAR \u2013 associado regularmente cadastrado, em dia com as obriga\u00e7\u00f5es sociais da Associa\u00e7\u00e3o; II &#8211; ESTUDANTE \u2013 associado regularmente matriculado em &#8230;<\/p>\n","protected":false},"author":1,"featured_media":0,"parent":0,"menu_order":0,"comment_status":"closed","ping_status":"closed","template":"","meta":{"footnotes":""},"class_list":["post-19","page","type-page","status-publish","hentry"],"_links":{"self":[{"href":"https:\/\/lacicor.eba.ufmg.br\/antecipa\/index.php\/wp-json\/wp\/v2\/pages\/19","targetHints":{"allow":["GET"]}}],"collection":[{"href":"https:\/\/lacicor.eba.ufmg.br\/antecipa\/index.php\/wp-json\/wp\/v2\/pages"}],"about":[{"href":"https:\/\/lacicor.eba.ufmg.br\/antecipa\/index.php\/wp-json\/wp\/v2\/types\/page"}],"author":[{"embeddable":true,"href":"https:\/\/lacicor.eba.ufmg.br\/antecipa\/index.php\/wp-json\/wp\/v2\/users\/1"}],"replies":[{"embeddable":true,"href":"https:\/\/lacicor.eba.ufmg.br\/antecipa\/index.php\/wp-json\/wp\/v2\/comments?post=19"}],"version-history":[{"count":3,"href":"https:\/\/lacicor.eba.ufmg.br\/antecipa\/index.php\/wp-json\/wp\/v2\/pages\/19\/revisions"}],"predecessor-version":[{"id":608,"href":"https:\/\/lacicor.eba.ufmg.br\/antecipa\/index.php\/wp-json\/wp\/v2\/pages\/19\/revisions\/608"}],"wp:attachment":[{"href":"https:\/\/lacicor.eba.ufmg.br\/antecipa\/index.php\/wp-json\/wp\/v2\/media?parent=19"}],"curies":[{"name":"wp","href":"https:\/\/api.w.org\/{rel}","templated":true}]}}