{"id":21,"date":"2018-08-15T16:38:42","date_gmt":"2018-08-15T19:38:42","guid":{"rendered":"http:\/\/lacicor.eba.ufmg.br\/antecipa\/?page_id=21"},"modified":"2026-03-14T17:36:17","modified_gmt":"2026-03-14T20:36:17","slug":"anuidade-2018","status":"publish","type":"page","link":"https:\/\/lacicor.eba.ufmg.br\/antecipa\/index.php\/anuidade-2018\/","title":{"rendered":"Anuidade 2026"},"content":{"rendered":"\n<p>A Diretoria da ANTECIPA\u00a0 fixou para 2026 os seguintes valores de anuidade:<\/p>\n\n\n\n<figure class=\"wp-block-table aligncenter\"><table><tbody><tr><td><strong>Categoria<\/strong><br><\/td><td class=\"has-text-align-center\" data-align=\"center\"><strong>Valor&nbsp;<\/strong><\/td><\/tr><tr><td>Titular<\/td><td class=\"has-text-align-center\" data-align=\"center\">R$ 275,00<\/td><\/tr><tr><td>Estudante de curso t\u00e9cnico, n\u00edvel m\u00e9dio ou gradua\u00e7\u00e3o<br><strong>Valor com desconto especial para pagamento at\u00e9 o dia 21\/05\/2026<\/strong><\/td><td class=\"has-text-align-center\" data-align=\"center\"><s>R$100,00<\/s><br><strong>R$70,00<\/strong><\/td><\/tr><tr><td>Estudante de P\u00f3s-Gradua\u00e7\u00e3o<br><strong>Valor com desconto especial para pagamento at\u00e9 o dia 21\/05\/2026<\/strong><\/td><td class=\"has-text-align-center\" data-align=\"center\"><s>R$140,00<\/s><br><strong>R$100,00<\/strong><\/td><\/tr><tr><td>Institucional (tr\u00eas associados representantes)<\/td><td class=\"has-text-align-center\" data-align=\"center\">R$650,00<\/td><\/tr><tr><td>Institucional (quatro associados representantes)<\/td><td class=\"has-text-align-center\" data-align=\"center\">R$850,00<\/td><\/tr><tr><td>Institucional (cinco associados representantes) <\/td><td class=\"has-text-align-center\" data-align=\"center\">R$1.000,00<\/td><\/tr><\/tbody><\/table><\/figure>\n\n\n\n<p class=\"has-text-align-center\"><strong>ESTUDANTES INSCRITOS NO EVENTO <a href=\"https:\/\/www.even3.com.br\/i-jornada-da-conservacao-697906\/\" target=\"_blank\" rel=\"noreferrer noopener\">I JORNADA DA CONSERVA\u00c7\u00c3O<\/a> TER\u00c3O DESCONTO ADICIONAL DE R$20,00 NA ANUIDADE, EFETIVANDO A FILIA\u00c7\u00c3O \u00c0 ANTECIPA AT\u00c9 31\/03\/2026<\/strong><\/p>\n\n\n\n<p>S\u00e3o dispensados do pagamento da anuidade: os associados benem\u00e9ritos, vitaliciamente, e os associados representantes dos associados institucionais, no ano de vig\u00eancia da sua indica\u00e7\u00e3o.<\/p>\n\n\n\n<p><strong>Para se manter adimplente, o associado dever\u00e1 quitar a anuidade at\u00e9 o dia 31\/07\/2026.<\/strong><\/p>\n\n\n\n<p><strong>DADOS PARA O DEP\u00d3SITO DA ANUIDADE:<\/strong><\/p>\n\n\n\n<p>Nome da Empresa: DROPEDU CONSULTORIA EM GEST\u00c3O EMPRESARIAL LTDA<br> Banco: 403 &#8211; Cora SCFI<br> Ag\u00eancia: 0001<br> Conta: 5911882-1<br> CNPJ: 60.522.781\/0001-06<\/p>\n\n\n\n<p>Chave PIX: 5dfb014d-cd73-468b-8b0f-716e5a9aa4c0<\/p>\n\n\n\n<p>QR CODE:&nbsp;<\/p>\n\n\n\n<figure class=\"wp-block-image size-full is-resized\"><img loading=\"lazy\" decoding=\"async\" width=\"480\" height=\"480\" src=\"http:\/\/lacicor.eba.ufmg.br\/antecipa\/wp-content\/uploads\/2025\/05\/qrcode.png\" alt=\"\" class=\"wp-image-1572\" style=\"width:300px\"\/><\/figure>\n\n\n\n<p>O comprovante de dep\u00f3sito deve ser enviado para o email secretaria.antecipa@gmail.com, acompanhado dos seguintes dados:<\/p>\n\n\n\n<p>Nome completo, documento de identidade, CPF, data de nascimento, endere\u00e7o residencial, telefone pessoal, email, t\u00edtulo profissional, endere\u00e7o profissional, telefone profissional, curso em que est\u00e1 matriculado e comprovante de matr\u00edcula (associados estudantes), CNPJ e carta formal de solicita\u00e7\u00e3o de filia\u00e7\u00e3o encaminhada pelo respons\u00e1vel legal (associados institucionais).<\/p>\n\n\n\n<p>\nMaiores informa\u00e7\u00f5es pelo menu&nbsp;<a href=\"http:\/\/lacicor.eba.ufmg.br\/antecipa\/index.php\/contato\/\">CONTATO<\/a>.&nbsp; &nbsp; &nbsp; \n\n<\/p>\n","protected":false},"excerpt":{"rendered":"<p>A Diretoria da ANTECIPA\u00a0 fixou para 2026 os seguintes valores de anuidade: Categoria Valor&nbsp; Titular R$ 275,00 Estudante de curso t\u00e9cnico, n\u00edvel m\u00e9dio ou gradua\u00e7\u00e3oValor com desconto especial para pagamento &#8230;<\/p>\n","protected":false},"author":1,"featured_media":0,"parent":0,"menu_order":0,"comment_status":"closed","ping_status":"closed","template":"","meta":{"footnotes":""},"class_list":["post-21","page","type-page","status-publish","hentry"],"_links":{"self":[{"href":"https:\/\/lacicor.eba.ufmg.br\/antecipa\/index.php\/wp-json\/wp\/v2\/pages\/21","targetHints":{"allow":["GET"]}}],"collection":[{"href":"https:\/\/lacicor.eba.ufmg.br\/antecipa\/index.php\/wp-json\/wp\/v2\/pages"}],"about":[{"href":"https:\/\/lacicor.eba.ufmg.br\/antecipa\/index.php\/wp-json\/wp\/v2\/types\/page"}],"author":[{"embeddable":true,"href":"https:\/\/lacicor.eba.ufmg.br\/antecipa\/index.php\/wp-json\/wp\/v2\/users\/1"}],"replies":[{"embeddable":true,"href":"https:\/\/lacicor.eba.ufmg.br\/antecipa\/index.php\/wp-json\/wp\/v2\/comments?post=21"}],"version-history":[{"count":52,"href":"https:\/\/lacicor.eba.ufmg.br\/antecipa\/index.php\/wp-json\/wp\/v2\/pages\/21\/revisions"}],"predecessor-version":[{"id":1677,"href":"https:\/\/lacicor.eba.ufmg.br\/antecipa\/index.php\/wp-json\/wp\/v2\/pages\/21\/revisions\/1677"}],"wp:attachment":[{"href":"https:\/\/lacicor.eba.ufmg.br\/antecipa\/index.php\/wp-json\/wp\/v2\/media?parent=21"}],"curies":[{"name":"wp","href":"https:\/\/api.w.org\/{rel}","templated":true}]}}