{"id":23,"date":"2018-08-15T16:41:40","date_gmt":"2018-08-15T19:41:40","guid":{"rendered":"http:\/\/lacicor.eba.ufmg.br\/antecipa\/?page_id=23"},"modified":"2026-03-15T12:09:22","modified_gmt":"2026-03-15T15:09:22","slug":"como-se-associar","status":"publish","type":"page","link":"https:\/\/lacicor.eba.ufmg.br\/antecipa\/index.php\/como-se-associar\/","title":{"rendered":"Como se Associar"},"content":{"rendered":"\n<p>Para se associar \u00e0 ANTECIPA \u00e9 necess\u00e1rio ser maior de 18 anos.<\/p>\n\n\n\n<p><a href=\"http:\/\/lacicor.eba.ufmg.br\/antecipa\/index.php\/categorias-de-associados\/\">Categorias de associados<\/a><\/p>\n\n\n\n<p><a href=\"http:\/\/lacicor.eba.ufmg.br\/antecipa\/index.php\/anuidade-2018\/\">Valores de anuidade 2026<\/a><\/p>\n\n\n\n<p><\/p>\n\n\n\n<p>O comprovante de dep\u00f3sito deve ser enviado para o email secretaria.antecipa@gmail.com, acompanhado dos seguintes dados:<\/p>\n\n\n\n<p>Nome completo, documento de identidade, CPF, data de nascimento, endere\u00e7o residencial, telefone pessoal, email, t\u00edtulo profissional, endere\u00e7o profissional, telefone profissional, curso em que est\u00e1 matriculado e comprovante de matr\u00edcula (associados estudantes), CNPJ e carta formal de solicita\u00e7\u00e3o de filia\u00e7\u00e3o encaminhada pelo respons\u00e1vel legal (associados institucionais).<\/p>\n\n\n\n<p>A admiss\u00e3o dos associados se far\u00e1 independentemente de nacionalidade, classe&nbsp;social, orienta\u00e7\u00e3o sexual, ra\u00e7a, cor, cren\u00e7a religiosa, ou filia\u00e7\u00e3o pol\u00edtico-partid\u00e1ria em&nbsp;conformidade com a legisla\u00e7\u00e3o vigente e ser\u00e1 feita mediante protocolo, por via eletr\u00f4nica ou postal,&nbsp;de ficha de inscri\u00e7\u00e3o ao Conselho de Administra\u00e7\u00e3o da ANTECIPA e pagamento da anuidade&nbsp;vigente.<\/p>\n\n\n\n<p>O v\u00ednculo do associado estudante deve ser comprovado no momento&nbsp;da inscri\u00e7\u00e3o e anualmente, com a comprova\u00e7\u00e3o de pagamento da anuidade, junto \u00e0 Secretaria e&nbsp;ao Conselho de Administra\u00e7\u00e3o da ANTECIPA.<\/p>\n\n\n\n<p>Os associados institucionais dever\u00e3o indicar, por meio de carta por via&nbsp;eletr\u00f4nica ou postal, assinada por pessoa f\u00edsica legal ou juridicamente respons\u00e1vel pelo associado&nbsp;institucional, ao Conselho de Administra\u00e7\u00e3o da ANTECIPA, anexada ao formul\u00e1rio de inscri\u00e7\u00e3o,&nbsp;e anualmente, anexada \u00e0 comprova\u00e7\u00e3o de pagamento da anuidade, os nomes de no m\u00ednimo tr\u00eas e no m\u00e1ximo cinco associados titulares, estudantes ou benem\u00e9ritos para represent\u00e1-los na&nbsp;ANTECIPA.&nbsp;&nbsp;Caso os representantes indicados ainda n\u00e3o sejam associados, \u00e0 carta&nbsp;de indica\u00e7\u00e3o dever\u00e3o ser anexadas as respectivas fichas de inscri\u00e7\u00e3o dos indicados.<\/p>\n\n\n\n<p>Os associados institucionais poder\u00e3o solicitar, por meio de carta por&nbsp;via eletr\u00f4nica ou postal, assinada por pessoa f\u00edsica legal ou juridicamente respons\u00e1vel pelo&nbsp;associado institucional, ao Conselho de Administra\u00e7\u00e3o da ANTECIPA, a substitui\u00e7\u00e3o de seus&nbsp;representantes previamente indicados, que, neste caso, para manterem-se filiados \u00e0 Associa\u00e7\u00e3o,&nbsp;dever\u00e3o requerer a inscri\u00e7\u00e3o individual&nbsp; e pagarem a anuidade&nbsp;correspondente.<\/p>\n\n\n\n<p>Ao\nassociado \u00e9 facultado desligar-se da ANTECIPA em qualquer tempo,\ndevendo o pedido de desligamento ser formalizado junto ao Conselho de\nAdministra\u00e7\u00e3o, que informar\u00e1 o desligamento \u00e0 Diretoria;<\/p>\n","protected":false},"excerpt":{"rendered":"<p>Para se associar \u00e0 ANTECIPA \u00e9 necess\u00e1rio ser maior de 18 anos. Categorias de associados Valores de anuidade 2026 O comprovante de dep\u00f3sito deve ser enviado para o email secretaria.antecipa@gmail.com, &#8230;<\/p>\n","protected":false},"author":1,"featured_media":0,"parent":0,"menu_order":0,"comment_status":"closed","ping_status":"closed","template":"","meta":{"footnotes":""},"class_list":["post-23","page","type-page","status-publish","hentry"],"_links":{"self":[{"href":"https:\/\/lacicor.eba.ufmg.br\/antecipa\/index.php\/wp-json\/wp\/v2\/pages\/23","targetHints":{"allow":["GET"]}}],"collection":[{"href":"https:\/\/lacicor.eba.ufmg.br\/antecipa\/index.php\/wp-json\/wp\/v2\/pages"}],"about":[{"href":"https:\/\/lacicor.eba.ufmg.br\/antecipa\/index.php\/wp-json\/wp\/v2\/types\/page"}],"author":[{"embeddable":true,"href":"https:\/\/lacicor.eba.ufmg.br\/antecipa\/index.php\/wp-json\/wp\/v2\/users\/1"}],"replies":[{"embeddable":true,"href":"https:\/\/lacicor.eba.ufmg.br\/antecipa\/index.php\/wp-json\/wp\/v2\/comments?post=23"}],"version-history":[{"count":24,"href":"https:\/\/lacicor.eba.ufmg.br\/antecipa\/index.php\/wp-json\/wp\/v2\/pages\/23\/revisions"}],"predecessor-version":[{"id":1680,"href":"https:\/\/lacicor.eba.ufmg.br\/antecipa\/index.php\/wp-json\/wp\/v2\/pages\/23\/revisions\/1680"}],"wp:attachment":[{"href":"https:\/\/lacicor.eba.ufmg.br\/antecipa\/index.php\/wp-json\/wp\/v2\/media?parent=23"}],"curies":[{"name":"wp","href":"https:\/\/api.w.org\/{rel}","templated":true}]}}