{"id":40,"date":"2018-08-15T17:41:13","date_gmt":"2018-08-15T20:41:13","guid":{"rendered":"http:\/\/lacicor.eba.ufmg.br\/antecipa\/?page_id=40"},"modified":"2025-11-04T15:10:26","modified_gmt":"2025-11-04T18:10:26","slug":"lista-de-associados","status":"publish","type":"page","link":"https:\/\/lacicor.eba.ufmg.br\/antecipa\/index.php\/lista-de-associados\/","title":{"rendered":"Lista de Associados"},"content":{"rendered":"\n<p><strong>BENEM\u00c9RITOS:<\/strong><br>PROF. M\u00c1RIO MENDON\u00c7A DE OLIVEIRA<br>PROFa. BEATRIZ RAMOS DE VASCONCELOS COELHO<br>PROFa. DORA MONTEIRO E SILVA DE ALC\u00c2NTARA <br>PROF. ANDR\u00c9 PROUS<\/p>\n\n\n\n<p><strong>ASSOCIADOS:<\/strong><\/p>\n\n\n\n<p>ANDR\u00c9A LACERDA BACHETTINI \u2013 TITULAR REPRESENTANTE INSTITUCIONAL<br>ANNELISE COSTA MONTONE \u2013 TITULAR REPRESENTANTE INSTITUCIONAL<br>ANT\u00d4NIO GILBERTO COSTA \u2013 TITULAR FUNDADOR<br>B\u00c1RBARA CHAGAS OLIVEIRA &#8211; ESTUDANTE GRADUA\u00c7\u00c3O<br>BARBARA CRISTINA EUZ\u00c9BIO PEREIRA DIAS DE OLIVEIRA \u2013 TITULAR REPRESENTANTE INSTITUCIONAL (CONVIDADO)<br>BRUNO FORTES LUCE &#8211; ESTUDANTE DE P\u00d3S GRADUA\u00c7\u00c3O<br>CAMILLA HENRIQUES MAIA DE CAMARGOS \u2013 TITULAR<br>CARLA REGINA ALVES CARVALHO \u2013 TITULAR<br>CARLOS ROBERTO APPOLONI \u2013 TITULAR FUNDADOR<br>CASA DE OSWALDO CRUZ \/ FIOCRUZ \u2013 INSTITUCIONAL<br>CATHERINE JACQUELINE SUZANNE GALLOIS \u2013 TITULAR<br>CLARA MARIA FERREIRA &#8211; ESTUDANTE GRADUA\u00c7\u00c3O<br>CLAUDIA VALERIA AMORIM SILVEIRA \u2013 TITULAR<br>DANIELE BALTZ DA FONSECA \u2013 TITULAR REPRESENTANTE INSTITUCIONAL<br>ELIANE APARECIDA DEL LAMA \u2013 TITULAR FUNDADOR<br>ELISABETE EDELVITA CHAVES DA SILVA \u2013 TITULAR REPRESENTANTE INSTITUCIONAL<br>GLENDA MA\u00cdRA SILVA MELO \u2013 ESTUDANTE P\u00d3S GRADUA\u00c7\u00c3O<br>GUSTAVO RAUL PERINO &#8211; TITULAR<br>ICH \u2013 INSTITUTO DE CI\u00caNCIAS HUMANAS \/ UFPEL \u2013 INSTITUCIONAL<br>IFMG -INSTITUTO FEDERAL DE EDUCA\u00c7\u00c3O, CI\u00caNCIA E TECNOLOGIA DE MG \u2013 OURO PRETO \u2013 INSTITUCIONAL<br>ISAMARA LARA CARVALHO \u2013 ESTUDANTE DE P\u00d3S GRADUA\u00c7\u00c3O<br>JANU\u00c1RIA FONSECA MATOS \u2013 TITULAR REPRESENTANTE INSTITUCIONAL<br>JENIFFER ALVES CUTY \u2013 TITULAR<br>JULIANA DE CARVALHO RODRIGUES \u2013 ESTUDANTE P\u00d3S GRADUA\u00c7\u00c3O<br>JULIANA FERNANDES ALBUQUERQUE \u2013 TITULAR<br>KARLA BALZUWEIT \u2013 TITULAR FUNDADOR<br>LIC\u00cdNIO ANDRADE GON\u00c7ALVES &#8211; ESTUDANTE GRADUA\u00c7\u00c3O<br>LET\u00cdCIA DA SILVA GONDIM \u2013 ESTUDANTE P\u00d3S-GRADUA\u00c7\u00c3O<br>L\u00cdVIA LUDMILA FREIRE DE CARVALHO \u2013 ESTUDANTE GRADUACAO<br>LUCAS GEORGE WENDT \u2013 ESTUDANTE P\u00d3S-GRADUA\u00c7\u00c3O<br>LUCIANA HELENA LOPES \u2013 ESTUDANTE GRADUA\u00c7\u00c3O<br>LUIZ ANT\u00d4NIO CRUZ SOUZA \u2013 TITULAR FUNDADOR<br>MARCELO DE LIMA DA SILVA \u2013 TITULAR REPRESENTANTE INSTITUCIONAL (CONVIDADO)<\/p>\n\n\n\n<p>M\u00c1RCIA DE MATHIAS RIZZO &#8211; TITULAR<br>MARCOS JOS\u00c9 DE ARA\u00daJO PINHEIRO \u2013 TITULAR REPRESENTANTE INSTITUCIONAL<br>MARGALIS MENEZES BURGU\u00caZ \u2013 ESTUDANTE GRADUA\u00c7\u00c3O<br>NATH\u00c1LIA VIEIRA SERRANO \u2013 TITULAR REPRESENTANTE INSTITUCIONAL<br>NTPR \u2013 N\u00daCLEO DE TECNOLOGIA DA PRESERVA\u00c7\u00c3O E DA RESTAURA\u00c7\u00c3O \u2013 INSTITUCIONAL<br>NURIA FERN\u00c1NDEZ CASTRO \u2013 ESTUDANTE P\u00d3S GRADUA\u00c7\u00c3O<br>PAOLA DE MACEDO GOMES DIAS VILLAS BOAS \u2013 ESTUDANTE P\u00d3S-GRADUA\u00c7\u00c3O<br>PATR\u00cdCIA VAZ DE MELLO LAVALL \u2013 TITULAR<br>P\u00c9RSIDE OMENA RIBEIRO \u2013 TITULAR<br>R\u00c9GIS EDUARDO MARTINS \u2013 TITULAR REPRESENTANTE INSTITUCIONAL<\/p>\n\n\n\n<p>TEREZA THOMAZ ZACCH\u00c9 &#8211; ESTUDANTE GRADUA\u00c7\u00c3O<br>THAIS HOELZLE ALVES DA COSTA \u2013 TITULAR<br>TIAGO DE CASTRO HARDY \u2013 ESTUDANTE P\u00d3S GRADUA\u00c7\u00c3O<br>VERA LUCIA FELIPPI DA SILVA \u2013 TITULAR<br>VIT\u00d3RIA WERLANG GIRALD \u2013 ESTUDANTE GRADUA\u00c7\u00c3O<br>WILLI DE BARROS GON\u00c7ALVES \u2013 TITULAR FUNDADOR<br>Z\u00cdNIA MARIA CAVALHEIRO DE CARVALHO \u2013 TITULAR<\/p>\n\n\n\n<div class=\"wp-block-group\"><div class=\"wp-block-group__inner-container is-layout-constrained wp-block-group-is-layout-constrained\">\n<p><\/p>\n<\/div><\/div>\n","protected":false},"excerpt":{"rendered":"<p>BENEM\u00c9RITOS:PROF. M\u00c1RIO MENDON\u00c7A DE OLIVEIRAPROFa. BEATRIZ RAMOS DE VASCONCELOS COELHOPROFa. DORA MONTEIRO E SILVA DE ALC\u00c2NTARA PROF. ANDR\u00c9 PROUS ASSOCIADOS: ANDR\u00c9A LACERDA BACHETTINI \u2013 TITULAR REPRESENTANTE INSTITUCIONALANNELISE COSTA MONTONE \u2013 &#8230;<\/p>\n","protected":false},"author":1,"featured_media":0,"parent":0,"menu_order":0,"comment_status":"closed","ping_status":"closed","template":"","meta":{"footnotes":""},"class_list":["post-40","page","type-page","status-publish","hentry"],"_links":{"self":[{"href":"https:\/\/lacicor.eba.ufmg.br\/antecipa\/index.php\/wp-json\/wp\/v2\/pages\/40","targetHints":{"allow":["GET"]}}],"collection":[{"href":"https:\/\/lacicor.eba.ufmg.br\/antecipa\/index.php\/wp-json\/wp\/v2\/pages"}],"about":[{"href":"https:\/\/lacicor.eba.ufmg.br\/antecipa\/index.php\/wp-json\/wp\/v2\/types\/page"}],"author":[{"embeddable":true,"href":"https:\/\/lacicor.eba.ufmg.br\/antecipa\/index.php\/wp-json\/wp\/v2\/users\/1"}],"replies":[{"embeddable":true,"href":"https:\/\/lacicor.eba.ufmg.br\/antecipa\/index.php\/wp-json\/wp\/v2\/comments?post=40"}],"version-history":[{"count":58,"href":"https:\/\/lacicor.eba.ufmg.br\/antecipa\/index.php\/wp-json\/wp\/v2\/pages\/40\/revisions"}],"predecessor-version":[{"id":1625,"href":"https:\/\/lacicor.eba.ufmg.br\/antecipa\/index.php\/wp-json\/wp\/v2\/pages\/40\/revisions\/1625"}],"wp:attachment":[{"href":"https:\/\/lacicor.eba.ufmg.br\/antecipa\/index.php\/wp-json\/wp\/v2\/media?parent=40"}],"curies":[{"name":"wp","href":"https:\/\/api.w.org\/{rel}","templated":true}]}}