{"id":49,"date":"2018-08-19T18:39:09","date_gmt":"2018-08-19T21:39:09","guid":{"rendered":"http:\/\/lacicor.eba.ufmg.br\/antecipa\/?page_id=49"},"modified":"2018-11-25T10:32:37","modified_gmt":"2018-11-25T12:32:37","slug":"1o-e-antecipa-simposio-e-rihs","status":"publish","type":"page","link":"https:\/\/lacicor.eba.ufmg.br\/antecipa\/index.php\/1o-e-antecipa-simposio-e-rihs\/","title":{"rendered":"Antecipa 2018 &#8211; Programa\u00e7\u00e3o"},"content":{"rendered":"\n<p><strong>I ENCONTRO DA ANTECIPA \u00a0\u2013 ASSOCIA\u00c7\u00c3O NACIONAL DE PESQUISA EM TECNOLOGIA E CI\u00caNCIA DO PATRIM\u00d4NIO<br\/>PER\u00cdODO:\u00a0<\/strong>27 e 28 DE NOVEMBRO DE 2018<strong><br\/>LOCAL:\u00a0 <\/strong>CAD2 &#8211;\u00a0UFMG \u2013 BELO HORIZONTE-MG<strong><br\/><\/strong><strong>PROGRAMA\u00c7\u00c3O<\/strong><\/p>\n\n\n\n<table><tbody><tr><td width=\"10%\">\n\t<strong>Hor\u00e1rio<\/strong>\n\t<br>\n\n\t\n<\/td><td>\n\t<strong>27\/11\n\t3\u00aa feira<\/strong>\n<\/td><td width=\"10%\">\n\t<strong>Hor\u00e1rio<\/strong>\n<\/td><td>\n\t<strong>28\/11\n\t4\u00aa feira<\/strong>\n<\/td><\/tr><tr><td>\n\t8:00\n\t\u2013 8:30\n<\/td><td>\n\tCredenciamento\n\t \/ Montagem de P\u00f4steres\n<\/td><td rowspan=\"3\">\n\t8:30\n\t\u201310:00\n<\/td><td rowspan=\"3\">\n\tMESA\n\tTEM\u00c1TICA 3 &#8211; Pesquisa aplicada em Ci\u00eancia do Patrim\u00f4nio &#8211;\n\tIntegra\u00e7\u00e3o Universidade e Mercado\n\t\n\t<br>\n\n\t\n\tPalestrante\n\t1: Luciane Gorgulho &#8211; Chefe do Departamento de Economia da\n\tCultura \u2013 BNDES\n\t\n\t<br>\n\n\t\n\tPalestrante 2: Daiane Pereira &#8211; SAB \u2013 Sociedade de Arqueologia Brasileira  &#8211; Regional Sudeste \n\t\n\t\n\t<br>\n\n\t\n\tPalestrante\n\t3:  &#8211; Carlos Roberto Jamil Cury \u2013 SBPC\n\t\n\t<br>\n\tModerador: Luiz Ant\u00f4nio Cruz Souza &#8211; UFMG\n\t<br>\n\n\t\n<\/td><\/tr><tr><td>\n\t8:30\n\t\u2013 9:00\n<\/td><td>\n\tAbertura:\n\tLuiz Souza \/ Thais Sanjad\n<\/td><\/tr><tr><td>\n\t9:00\n\t\u2013 10:00\n<\/td><td>\n\t<br>\n\n\t\n\tCONFER\u00caNCIA\n\tDE ABERTURA\n\t\n\t<br>\n\n\t\n\tAnt\u00f4nio\n\tCandeias \u2013 Diretor do Laborat\u00f3rio HERCULES &#8211; Universidade de\n\t\u00c9vora &#8211; Portugal &#8211; \n\t\n\t Os\n\tdoze trabalhos de H\u00e9rcules: da mitologia para a fronteira entre\n\tci\u00eancia e arte\n\t\n\t<br>\n\n\t\n<\/td><\/tr><tr><td>\n\t10:00\n\t\u2013 10:30\n<\/td><td>\n\tbreak\n<\/td><td>\n\t10:00\n\t\u2013 10:30\n<\/td><td>\n\tbreak\n<\/td><\/tr><tr><td rowspan=\"2\">\n\t10:30\n\t\u2013 12:30\n<\/td><td rowspan=\"2\">\n\tMESA\n\tTEM\u00c1TICA 1 \n\t\n\tCecor\n\te Cecre &#8211; pioneiros na forma\u00e7\u00e3o em Tecnologia e Ci\u00eancia do\n\tPatrim\u00f4nio no Brasil\n\t\n\t<br>\n\n\t\n\tPalestrante\n\t1: Beatriz Vasconcellos Coelho &#8211; profa. Em\u00e9rita UFMG\n\t\n\t<br>\n\n\t\n\tPalestrante\n\t2:  M\u00e1rio Mendon\u00e7a Oliveira \u2013 UFBA\n\t\n\t<br>\n\tModeradora: Maria Regina Emery Quites \u2013UFMG\n\t<br>\n\n\t\n\tCONCESS\u00c3O\n\tDE T\u00cdTULO DE MEMBRO BENEM\u00c9RITO\n\t\n\t<br>\n\n\t\n<\/td><td>\n\t10:30\n\t\u2013 11:30\n<\/td><td>\n\tCONFER\u00caNCIA\n\t<br>\n\n\t\n\tFernando\n\tMarte \u2013 Instituto de Investigaciones en Patrim\u00f3nio Cultural \u2013\n\tTarea \/ Universidad Nacional de San Mart\u00edn\n\t<br>\n\n\t\n\tAtividades\n\tde pesquisa e colabora\u00e7\u00e3o interinstitucional \n\t\n\t<br>\nModerador: Willi de Barros Gon\u00e7alves &#8211; UFMG\n\t\n\t\n<\/td><\/tr><tr><td>\n\t11:30\n\t\u2013 12:15\n<\/td><td>\n\tREUNI\u00c3O\n\tDIRETORIA E CONSELHOS ANTECIPA \/ E-RIHS\n\t\n\t<br>\n\n\t\n<\/td><\/tr><tr><td>\n\t12:30\n\t\u2013 13:30\n<\/td><td>\n\tAlmo\u00e7o\n<\/td><td>\n\t11:30\n\t\u2013 13:00\n<\/td><td>\n\tAlmo\u00e7o\n<\/td><\/tr><tr><td>\n\t13:30\n\t\u2013 15:30\n<\/td><td>\n\tMESA\n\tTEM\u00c1TICA 2\n\tCi\u00eancia,\n\tTecnologia e Gest\u00e3o do Patrim\u00f4nio\n\t\n\t<br>\n\n\t\n\tPalestrante \n\t1: Paulo Lima &#8211; Diretor do Museu do Ouro &#8211; IBRAM \n\t<br>\n\tPalestrante\n\t2: C\u00e9lia Corsino &#8211; Superintendente do IPHAN em Minas Gerais\n\t<br>\n\tPalestrante 3: Thomaz Pinotti \u2013 ICB\/UFMG\n\t<br>\n\tPalestrante 4: \n\tLuca Pezatti  &#8211; INOA \/ CNR &#8211; FLORENCE \/ IPERION \/ E-RIHS \u2013\n\tIt\u00e1lia\n\t<br>\n\tModeradora: Yacy Ara Froner Gon\u00e7alves &#8211; UFMG\n<\/td><td>\n\t<br>\n\n\t\n\t13:00\n\t\u2013 16:00\n<\/td><td>\n\t<br>\n\n\t\n\tMINICURSO\n\t\/ OFICINA 1 &#8211; Ant\u00f4nio Candeias &#8211; \n\tEstudos\n\tde caso\n\t<br>\n\tMINICURSO\n\t\/ OFICINA 2 &#8211; Dalva Faria &#8211; \n\tEspectroscopia\n\tRaman\n<\/td><\/tr><tr><td>\n\t15:30\n\t\u2013 16:15\n<\/td><td>\n\tSESS\u00c3O\n\tDE P\u00d4STERES \/ BREAK\n<\/td><td>\n\t16:00\u2013\n\t16:45\n<\/td><td>\n\tSESS\u00d5ES\n\tDOS PATROCINADORES \/\n\tBREAK\n<\/td><\/tr><tr><td>\n\t16:15\n\t\u2013 19:15\n<\/td><td>\n\tMINICURSO\n\t\/ OFICINA 1 &#8211; Ant\u00f4nio Candeias &#8211; T\u00e9cnicas de an\u00e1lise in situ\n\t<br>\n\tMINICURSO\n\t\/ OFICINA 2 &#8211; Dalva Faria &#8211;\tEspectroscopia Raman\n<\/td><td>\n\t16:45\n\t\u2013 18:00\n<\/td><td>\n\tASSEMBLEIA\n\tGERAL\n\t\n\t<br>\n\n\t\n<\/td><\/tr><\/tbody><\/table>\n","protected":false},"excerpt":{"rendered":"<p>I ENCONTRO DA ANTECIPA \u00a0\u2013 ASSOCIA\u00c7\u00c3O NACIONAL DE PESQUISA EM TECNOLOGIA E CI\u00caNCIA DO PATRIM\u00d4NIOPER\u00cdODO:\u00a027 e 28 DE NOVEMBRO DE 2018LOCAL:\u00a0 CAD2 &#8211;\u00a0UFMG \u2013 BELO HORIZONTE-MGPROGRAMA\u00c7\u00c3O Hor\u00e1rio 27\/11 3\u00aa feira &#8230;<\/p>\n","protected":false},"author":1,"featured_media":0,"parent":0,"menu_order":0,"comment_status":"closed","ping_status":"closed","template":"","meta":{"footnotes":""},"class_list":["post-49","page","type-page","status-publish","hentry"],"_links":{"self":[{"href":"https:\/\/lacicor.eba.ufmg.br\/antecipa\/index.php\/wp-json\/wp\/v2\/pages\/49","targetHints":{"allow":["GET"]}}],"collection":[{"href":"https:\/\/lacicor.eba.ufmg.br\/antecipa\/index.php\/wp-json\/wp\/v2\/pages"}],"about":[{"href":"https:\/\/lacicor.eba.ufmg.br\/antecipa\/index.php\/wp-json\/wp\/v2\/types\/page"}],"author":[{"embeddable":true,"href":"https:\/\/lacicor.eba.ufmg.br\/antecipa\/index.php\/wp-json\/wp\/v2\/users\/1"}],"replies":[{"embeddable":true,"href":"https:\/\/lacicor.eba.ufmg.br\/antecipa\/index.php\/wp-json\/wp\/v2\/comments?post=49"}],"version-history":[{"count":40,"href":"https:\/\/lacicor.eba.ufmg.br\/antecipa\/index.php\/wp-json\/wp\/v2\/pages\/49\/revisions"}],"predecessor-version":[{"id":499,"href":"https:\/\/lacicor.eba.ufmg.br\/antecipa\/index.php\/wp-json\/wp\/v2\/pages\/49\/revisions\/499"}],"wp:attachment":[{"href":"https:\/\/lacicor.eba.ufmg.br\/antecipa\/index.php\/wp-json\/wp\/v2\/media?parent=49"}],"curies":[{"name":"wp","href":"https:\/\/api.w.org\/{rel}","templated":true}]}}