{"id":53,"date":"2018-08-19T18:39:56","date_gmt":"2018-08-19T21:39:56","guid":{"rendered":"http:\/\/lacicor.eba.ufmg.br\/antecipa\/?page_id=53"},"modified":"2018-10-16T11:00:26","modified_gmt":"2018-10-16T14:00:26","slug":"chamada-de-resumos-expandidos","status":"publish","type":"page","link":"https:\/\/lacicor.eba.ufmg.br\/antecipa\/index.php\/chamada-de-resumos-expandidos\/","title":{"rendered":"Chamada de Resumos Expandidos"},"content":{"rendered":"\n<p>Est\u00e1 aberta a chamada para envio de resumos e apresenta\u00e7\u00e3o de p\u00f4steres do <strong>Antecipa 2018<\/strong>, a ocorrer na Universidade Federal de Minas Gerais (UFMG), em Belo Horizonte, entre os dias 27 e 28 de novembro de 2018.<\/p>\n\n\n\n<p>Nesta edi\u00e7\u00e3o do evento ser\u00e3o aceitos resumos, <a href=\"http:\/\/lacicor.eba.ufmg.br\/antecipa\/wp-content\/uploads\/2018\/09\/Modelo-de-resumo-sugesta\u0303o-RLR-TSP-WBG2.docx\">conforme modelo<\/a>, e ser\u00e3o apresentados posteres dos resumos aprovados no formato indicado, <a href=\"http:\/\/lacicor.eba.ufmg.br\/antecipa\/wp-content\/uploads\/2018\/08\/Instru\u00e7\u00f5es-elabora\u00e7\u00e3o-de-p\u00f4ster.doc\">ver modelo<\/a>.<\/p>\n\n\n\n<p>\nA\nimpress\u00e3o do poster ficar\u00e1 a cargo do(s) pesquisador(es).<\/p>\n\n\n\n<p>\nHaver\u00e1\npublica\u00e7\u00e3o dos resumos.<\/p>\n\n\n\n<p>Ser\u00e3o aceitas propostas de trabalhos de alunas e alunos de gradua\u00e7\u00e3o e de p\u00f3s-gradua\u00e7\u00e3o, professoras e professores, pesquisadoras e pesquisadores de todas as \u00e1reas do conhecimento e tamb\u00e9m de profissionais e empresas que atuam na \u00e1rea da preserva\u00e7\u00e3o do Patrim\u00f4nio Cultural.<\/p>\n\n\n\n<p>Os resumos dever\u00e3o ser enviados para o e-mail <a href=\"mailto:secretaria.antecipa@gmail.com\">secretaria.antecipa@gmail.com<\/a><\/p>\n\n\n\n<div class=\"wp-block-columns has-2-columns is-layout-flex wp-container-core-columns-is-layout-1 wp-block-columns-is-layout-flex\">\n<div class=\"wp-block-column is-layout-flow wp-block-column-is-layout-flow\">\n<ul class=\"wp-block-list\"><li><a href=\"http:\/\/lacicor.eba.ufmg.br\/antecipa\/index.php\/1o-e-antecipa-apresentacao\/\">Apresenta\u00e7\u00e3o<\/a><\/li><li><a href=\"http:\/\/lacicor.eba.ufmg.br\/antecipa\/index.php\/1o-e-antecipa-simposio-e-rihs\/\">Programa\u00e7\u00e3o<\/a><\/li><li><a href=\"http:\/\/lacicor.eba.ufmg.br\/antecipa\/index.php\/1o-e-antecipa-programacao\/\">Simp\u00f3sio E-RIHS<\/a><\/li><li><a href=\"http:\/\/lacicor.eba.ufmg.br\/antecipa\/index.php\/1o-e-antecipa-inscricoes\/\">Inscri\u00e7\u00f5es<\/a><\/li><li><a href=\"http:\/\/lacicor.eba.ufmg.br\/antecipa\/index.php\/1o-e-antecipa-informacoes\/\">Informa\u00e7\u00f5es<\/a><\/li><li><a href=\"http:\/\/lacicor.eba.ufmg.br\/antecipa\/index.php\/chamada-de-resumos-expandidos\/\">Chamada de Resumos Expandidos<\/a><\/li><\/ul>\n<\/div>\n\n\n\n<div class=\"wp-block-column is-layout-flow wp-block-column-is-layout-flow\">\n<p>Prazo de envio dos resumos:<br\/><strong>20\/09\/2018<\/strong> \u2013 Deadline 1\u00aa chamada de resumos expandidos \/ p\u00f4steres<br\/><strong>25\/09\/2018<\/strong> \u2013 Resposta aos resumos em 1\u00aa chamada (60 dias antes do evento)<br\/><strong>31\/10\/2018<\/strong> \u2013 Deadline 2\u00aa chamada de resumos expandidos \/ p\u00f4steres<br\/><strong>07\/11\/2018<\/strong> \u2013 Resposta aos resumos em 2\u00aa chamada<br\/><strong>14\/11\/2018<\/strong> \u2013 Prazo para inscri\u00e7\u00e3o de autores para entrar no livro de resumos, prazo para inscri\u00e7\u00e3o com desconto<\/p>\n<\/div>\n<\/div>\n\n\n\n<p><\/p>\n","protected":false},"excerpt":{"rendered":"<p>Est\u00e1 aberta a chamada para envio de resumos e apresenta\u00e7\u00e3o de p\u00f4steres do Antecipa 2018, a ocorrer na Universidade Federal de Minas Gerais (UFMG), em Belo Horizonte, entre os dias &#8230;<\/p>\n","protected":false},"author":1,"featured_media":0,"parent":0,"menu_order":0,"comment_status":"closed","ping_status":"closed","template":"","meta":{"footnotes":""},"class_list":["post-53","page","type-page","status-publish","hentry"],"_links":{"self":[{"href":"https:\/\/lacicor.eba.ufmg.br\/antecipa\/index.php\/wp-json\/wp\/v2\/pages\/53","targetHints":{"allow":["GET"]}}],"collection":[{"href":"https:\/\/lacicor.eba.ufmg.br\/antecipa\/index.php\/wp-json\/wp\/v2\/pages"}],"about":[{"href":"https:\/\/lacicor.eba.ufmg.br\/antecipa\/index.php\/wp-json\/wp\/v2\/types\/page"}],"author":[{"embeddable":true,"href":"https:\/\/lacicor.eba.ufmg.br\/antecipa\/index.php\/wp-json\/wp\/v2\/users\/1"}],"replies":[{"embeddable":true,"href":"https:\/\/lacicor.eba.ufmg.br\/antecipa\/index.php\/wp-json\/wp\/v2\/comments?post=53"}],"version-history":[{"count":11,"href":"https:\/\/lacicor.eba.ufmg.br\/antecipa\/index.php\/wp-json\/wp\/v2\/pages\/53\/revisions"}],"predecessor-version":[{"id":363,"href":"https:\/\/lacicor.eba.ufmg.br\/antecipa\/index.php\/wp-json\/wp\/v2\/pages\/53\/revisions\/363"}],"wp:attachment":[{"href":"https:\/\/lacicor.eba.ufmg.br\/antecipa\/index.php\/wp-json\/wp\/v2\/media?parent=53"}],"curies":[{"name":"wp","href":"https:\/\/api.w.org\/{rel}","templated":true}]}}