{"id":59,"date":"2018-08-19T18:40:45","date_gmt":"2018-08-19T21:40:45","guid":{"rendered":"http:\/\/lacicor.eba.ufmg.br\/antecipa\/?page_id=59"},"modified":"2025-12-03T18:28:26","modified_gmt":"2025-12-03T21:28:26","slug":"publicacoes","status":"publish","type":"page","link":"https:\/\/lacicor.eba.ufmg.br\/antecipa\/index.php\/publicacoes\/","title":{"rendered":"Publica\u00e7\u00f5es"},"content":{"rendered":"\n<p class=\"has-text-align-center\"><a href=\"http:\/\/lacicor.eba.ufmg.br\/antecipa\/wp-content\/uploads\/2025\/12\/BOLETIM_2025_11_17.pdf\" target=\"_blank\" rel=\"noreferrer noopener\">BOLETIM INFORMATIVO ANTECIPA NOVEMBRO 2025 A JANEIRO 2026<\/a><\/p>\n\n\n\n<p class=\"has-text-align-center\"><a href=\"http:\/\/lacicor.eba.ufmg.br\/antecipa\/wp-content\/uploads\/2025\/03\/BOLETIM-informativo-ANTECIPA_2025_03_21.pdf\" target=\"_blank\" rel=\"noreferrer noopener\">BOLETIM INFORMATIVO ANTECIPA MAR\u00c7O A MAIO 2025<\/a><\/p>\n\n\n\n<p class=\"has-text-align-center\"><a href=\"https:\/\/www.even3.com.br\/anais\/4-congresso-bienal-antecipa\/\" target=\"_blank\"><strong>4o CONGRESSO BIENAL DA ANTECIPA &#8211; 05 E 06\/12\/2024 &#8211; CADERNO DE RESUMOS EXPANDIDOS<\/strong><\/a><\/p>\n\n\n\n<p class=\"has-text-align-center\"><a href=\"http:\/\/ventilandoacervos.museus.gov.br\/wp-content\/uploads\/2023\/06\/17-Willi.pdf\">A ATUA\u00c7\u00c3O DA ANTECIPA NA CONSTRU\u00c7\u00c3O DE REDES COLABORATIVAS NO CAMPO DA CI\u00caNCIA DO PATRIM\u00d4NIO &#8211; artigo publicado na Revista VENTILANDO ACERVOS<\/a><\/p>\n\n\n<div class=\"wp-block-image is-resized\">\n<figure class=\"aligncenter\"><img loading=\"lazy\" decoding=\"async\" width=\"591\" height=\"835\" src=\"http:\/\/lacicor.eba.ufmg.br\/antecipa\/wp-content\/uploads\/2021\/12\/CAPA-CADERNO-2020.jpg\" alt=\"\" class=\"wp-image-918\"\/><figcaption class=\"wp-element-caption\"><a href=\"http:\/\/lacicor.eba.ufmg.br\/antecipa\/wp-content\/uploads\/2021\/12\/2020_Caderno_ANTECIPA_EARCAP_v2.pdf\" target=\"_blank\" rel=\"noopener\">Caderno de resumos ANTECIPA 2020 \/ V EARCAP &#8211; Clique aqui para o download<\/a><\/figcaption><\/figure><\/div>\n\n\n<p class=\"has-text-align-center\"><\/p>\n\n\n\n<p class=\"has-text-align-center\"><a href=\"http:\/\/lacicor.eba.ufmg.br\/antecipa\/wp-content\/uploads\/2024\/11\/boletim-2024_11_8.pdf\" target=\"_blank\">BOLETIM INFORMATIVO ANTECIPA NOVEMBRO 2024<\/a><\/p>\n\n\n\n<p class=\"has-text-align-center\"><a href=\"http:\/\/lacicor.eba.ufmg.br\/antecipa\/wp-content\/uploads\/2024\/09\/boletim-2024_09_07.pdf\" target=\"_blank\" rel=\"noopener\">BOLETIM INFORMATIVO ANTECIPA SETEMBRO 2024<\/a><\/p>\n\n\n\n<p class=\"has-text-align-center\"><a href=\"http:\/\/lacicor.eba.ufmg.br\/antecipa\/wp-content\/uploads\/2024\/06\/boletim-2024_06_22.pdf\" target=\"_blank\">BOLETIM INFORMATIVO ANTECIPA JUNHO \/ JULHO 2024<\/a><\/p>\n\n\n\n<p class=\"has-text-align-center\"><a href=\"http:\/\/lacicor.eba.ufmg.br\/antecipa\/wp-content\/uploads\/2024\/05\/boletim-2024_05.pdf\">BOLETIM INFORMATIVO ANTECIPA MAIO \/ JUNHO 2024<\/a><\/p>\n\n\n\n<p class=\"has-text-align-center\"><a href=\"http:\/\/lacicor.eba.ufmg.br\/antecipa\/wp-content\/uploads\/2024\/05\/boletim-2024_04_05.pdf\">BOLETIM INFORMATIVO ANTECIPA ABRIL \/ MAIO 2024<\/a><\/p>\n\n\n\n<p class=\"has-text-align-center\"><a href=\"http:\/\/lacicor.eba.ufmg.br\/antecipa\/wp-content\/uploads\/2024\/03\/boletim-2024_03.pdf\">BOLETIM INFORMATIO ANTECIPA MAR\u00c7O 2024<\/a><\/p>\n\n\n\n<p class=\"has-text-align-center\"><a href=\"http:\/\/lacicor.eba.ufmg.br\/antecipa\/wp-content\/uploads\/2023\/11\/boletim-2023_11.pdf\">BOLETIM INFORMATIVO ANTECIPA NOVEMBRO 2023<\/a><\/p>\n\n\n\n<p class=\"has-text-align-center\"><a href=\"http:\/\/lacicor.eba.ufmg.br\/antecipa\/wp-content\/uploads\/2023\/10\/boletim-2023_10_17.pdf\">BOLETIM INFORMATIVO ANTECIPA OUTUBRO 2023<\/a><\/p>\n\n\n\n<p class=\"has-text-align-center\"><a href=\"http:\/\/lacicor.eba.ufmg.br\/antecipa\/wp-content\/uploads\/2023\/09\/boletim-2023_08_2.pdf\">BOLETIM INFORMATIVO ANTECIPA AGOSTO\/SETEMBRO 2023<\/a><\/p>\n\n\n\n<p class=\"has-text-align-center\"><a href=\"http:\/\/lacicor.eba.ufmg.br\/antecipa\/wp-content\/uploads\/2023\/07\/boletim-2023_07.pdf\">BOLETIM INFORMATIVO ANTECIPA JULHO 2023<\/a><\/p>\n\n\n\n<p class=\"has-text-align-center\"><a href=\"http:\/\/lacicor.eba.ufmg.br\/antecipa\/wp-content\/uploads\/2023\/06\/boletim-2023_06.pdf\">BOLETIM INFORMATIVO ANTECIPA JUNHO 2023<\/a><\/p>\n\n\n\n<p class=\"has-text-align-center\"><a href=\"http:\/\/lacicor.eba.ufmg.br\/antecipa\/wp-content\/uploads\/2023\/05\/boletim-2023_05.pdf\">BOLETIM INFORMATIVO ANTECIPA MAIO 2023<\/a><\/p>\n\n\n\n<p class=\"has-text-align-center\"><a href=\"http:\/\/lacicor.eba.ufmg.br\/antecipa\/wp-content\/uploads\/2023\/04\/boletim-2023_04.pdf\">BOLETIM INFORMATIVO ANTECIPA ABRIL 2023<\/a><\/p>\n\n\n\n<p class=\"has-text-align-center\"><a href=\"https:\/\/drive.google.com\/file\/d\/17EIQp0XIfoqUeaTxomz4DuZHNhA-x2m8\/view?usp=share_link\">BOLETIM INFORMATIVO ANTECIPA MAR\u00c7O 2023<\/a><\/p>\n\n\n\n<p class=\"has-text-align-center\"><a href=\"http:\/\/lacicor.eba.ufmg.br\/antecipa\/wp-content\/uploads\/2022\/11\/boletim-2022_11.pdf\" target=\"_blank\">BOLETIM INFORMATIVO ANTECIPA NOVEMBRO 2022<\/a><\/p>\n\n\n\n<p class=\"has-text-align-center\"><a href=\"http:\/\/lacicor.eba.ufmg.br\/antecipa\/wp-content\/uploads\/2022\/09\/boletim-2022_09.pdf\">BOLETIM INFORMATIVO ANTECIPA SETEMBRO 2022<\/a><\/p>\n\n\n\n<p class=\"has-text-align-center\"><a href=\"http:\/\/lacicor.eba.ufmg.br\/antecipa\/wp-content\/uploads\/2022\/08\/boletim-2022_08.pdf\" target=\"_blank\">BOLETIM INFORMATIVO ANTECIPA AGOSTO 2022<\/a><\/p>\n\n\n\n<p class=\"has-text-align-center\"><a href=\"http:\/\/lacicor.eba.ufmg.br\/antecipa\/wp-content\/uploads\/2022\/07\/boletim-2022_07.pdf\">BOLETIM INFORMATIVO ANTECIPA JULHO 2022<\/a><\/p>\n\n\n\n<p class=\"has-text-align-center\"><a href=\"http:\/\/lacicor.eba.ufmg.br\/antecipa\/wp-content\/uploads\/2022\/06\/boletim-2022_06.pdf\">BOLETIM INFORMATIVO ANTECIPA JUNHO 2022<\/a><\/p>\n\n\n\n<p class=\"has-text-align-center\"><a href=\"http:\/\/lacicor.eba.ufmg.br\/antecipa\/wp-content\/uploads\/2022\/05\/boletim-2022_05.pdf\">BOLETIM INFORMATIVO ANTECIPA MAIO 2022<\/a><\/p>\n\n\n\n<p class=\"has-text-align-center\"><a href=\"http:\/\/lacicor.eba.ufmg.br\/antecipa\/wp-content\/uploads\/2022\/04\/boletim-2022_04_08.pdf\">BOLETIM INFORMATIVO ANTECIPA ABRIL 2022<\/a><\/p>\n\n\n\n<p class=\"has-text-align-center\"><a href=\"http:\/\/lacicor.eba.ufmg.br\/antecipa\/wp-content\/uploads\/2022\/03\/boletim-2022_03_02.pdf\">BOLETIM INFORMATIVO ANTECIPA MAR\u00c7O DE 2022<\/a><\/p>\n\n\n\n<p class=\"has-text-align-center\"><a href=\"http:\/\/lacicor.eba.ufmg.br\/antecipa\/wp-content\/uploads\/2022\/02\/boletim-2022_02_07.pdf\">BOLETIM INFORMATIVO ANTECIPA FEVEREIRO DE 2022<\/a><\/p>\n\n\n\n<p class=\"has-text-align-center\"><a href=\"http:\/\/lacicor.eba.ufmg.br\/antecipa\/wp-content\/uploads\/2022\/01\/boletim-2022_01_08.pdf\">BOLETIM INFORMATIVO ANTECIPA JANEIRO DE 2022<\/a><\/p>\n\n\n\n<p class=\"has-text-align-center\"><a href=\"https:\/\/drive.google.com\/file\/d\/1i4yxJG9vwUEh074AIvWs4cAZisbF10r0\/view?usp=sharing\">BOLETIM INFORMATIVO ANTECIPA DEZEMBRO DE 2021<\/a><\/p>\n\n\n\n<p class=\"has-text-align-center\"><a href=\"https:\/\/drive.google.com\/file\/d\/1LyaHc6W_r06TFoPtxXvLjEO9q_TlB3qq\/view?usp=sharing\">BOLETIM INFORMATIVO ANTECIPA NOVEMBRO DE 2021<\/a><\/p>\n\n\n\n<p class=\"has-text-align-center\"><a href=\"http:\/\/lacicor.eba.ufmg.br\/antecipa\/wp-content\/uploads\/2021\/10\/boletim-2021_10_04.pdf\">BOLETIM INFORMATIVO ANTECIPA OUTUBRO DE 2021<\/a><\/p>\n\n\n\n<p class=\"has-text-align-center\"><a href=\"http:\/\/lacicor.eba.ufmg.br\/antecipa\/wp-content\/uploads\/2021\/08\/boletim-2021_09.pdf\" target=\"_blank\">BOLETIM INFORMATIVO ANTECIPA SETEMBRO DE 2021<\/a><br><\/p>\n\n\n\n<p class=\"has-text-align-center\"><a href=\"http:\/\/lacicor.eba.ufmg.br\/antecipa\/wp-content\/uploads\/2021\/07\/boletim-2021_08_v2.pdf\" target=\"_blank\">BOLETIM INFORMATIVO ANTECIPA AGOSTO DE 2021<\/a><\/p>\n\n\n<div class=\"wp-block-image\">\n<figure class=\"aligncenter is-resized\"><a href=\"http:\/\/lacicor.eba.ufmg.br\/antecipa\/wp-content\/uploads\/2018\/11\/PSX_20181127_104606.jpg\"><img loading=\"lazy\" decoding=\"async\" width=\"1434\" height=\"2081\" src=\"http:\/\/lacicor.eba.ufmg.br\/antecipa\/wp-content\/uploads\/2018\/11\/PSX_20181127_104606.jpg\" alt=\"\" class=\"wp-image-513\" style=\"width:359px;height:520px\"\/><\/a><figcaption class=\"wp-element-caption\"><a href=\"http:\/\/lacicor.eba.ufmg.br\/antecipa\/wp-content\/uploads\/2019\/11\/CADERNO-DE-RESUMOS_2019_11_22_3ed.pdf\">Caderno de Resumos Expandidos ANTECIPA 2018 &#8211; Clique para download<\/a><\/figcaption><\/figure><\/div>","protected":false},"excerpt":{"rendered":"<p>BOLETIM INFORMATIVO ANTECIPA NOVEMBRO 2025 A JANEIRO 2026 BOLETIM INFORMATIVO ANTECIPA MAR\u00c7O A MAIO 2025 4o CONGRESSO BIENAL DA ANTECIPA &#8211; 05 E 06\/12\/2024 &#8211; CADERNO DE RESUMOS EXPANDIDOS A &#8230;<\/p>\n","protected":false},"author":1,"featured_media":0,"parent":0,"menu_order":0,"comment_status":"closed","ping_status":"closed","template":"","meta":{"footnotes":""},"class_list":["post-59","page","type-page","status-publish","hentry"],"_links":{"self":[{"href":"https:\/\/lacicor.eba.ufmg.br\/antecipa\/index.php\/wp-json\/wp\/v2\/pages\/59","targetHints":{"allow":["GET"]}}],"collection":[{"href":"https:\/\/lacicor.eba.ufmg.br\/antecipa\/index.php\/wp-json\/wp\/v2\/pages"}],"about":[{"href":"https:\/\/lacicor.eba.ufmg.br\/antecipa\/index.php\/wp-json\/wp\/v2\/types\/page"}],"author":[{"embeddable":true,"href":"https:\/\/lacicor.eba.ufmg.br\/antecipa\/index.php\/wp-json\/wp\/v2\/users\/1"}],"replies":[{"embeddable":true,"href":"https:\/\/lacicor.eba.ufmg.br\/antecipa\/index.php\/wp-json\/wp\/v2\/comments?post=59"}],"version-history":[{"count":70,"href":"https:\/\/lacicor.eba.ufmg.br\/antecipa\/index.php\/wp-json\/wp\/v2\/pages\/59\/revisions"}],"predecessor-version":[{"id":1650,"href":"https:\/\/lacicor.eba.ufmg.br\/antecipa\/index.php\/wp-json\/wp\/v2\/pages\/59\/revisions\/1650"}],"wp:attachment":[{"href":"https:\/\/lacicor.eba.ufmg.br\/antecipa\/index.php\/wp-json\/wp\/v2\/media?parent=59"}],"curies":[{"name":"wp","href":"https:\/\/api.w.org\/{rel}","templated":true}]}}