{"id":61,"date":"2018-08-19T18:40:58","date_gmt":"2018-08-19T21:40:58","guid":{"rendered":"http:\/\/lacicor.eba.ufmg.br\/antecipa\/?page_id=61"},"modified":"2024-11-24T12:46:06","modified_gmt":"2024-11-24T15:46:06","slug":"contato","status":"publish","type":"page","link":"https:\/\/lacicor.eba.ufmg.br\/antecipa\/index.php\/contato\/","title":{"rendered":"Contato"},"content":{"rendered":"\n<p>ASSOCIA\u00c7\u00c3O\nNACIONAL DE PESQUISA EM TECNOLOGIA E CI\u00caNCIA DO PATRIM\u00d4NIO<\/p>\n\n\n\n<p><strong>CNPJ:<\/strong> 30.573.338\/0001-01<\/p>\n\n\n\n<p><strong>Endere\u00e7o:<\/strong> Avenida do Contorno, 2.905, sala 406, Bairro Santa Efig\u00eania, Belo Horizonte, MG, CEP 30110-915<br\/><\/p>\n\n\n\n<p><strong>Telefone de contato:<\/strong> Laborat\u00f3rio de Ci\u00eancia da Conserva\u00e7\u00e3o \u2013 EBA\/UFMG \u2013 (31) 3409-5378<\/p>\n\n\n\n<p><strong>Email:<\/strong> secretaria.antecipa@gmail.com<\/p>\n\n\n\n<p><strong>P\u00e1gina do Facebook:<\/strong> <a href=\"https:\/\/www.facebook.com\/Associa%C3%A7%C3%A3o-Nacional-de-Pesquisa-em-Tecnologia-e-Ci%C3%AAncia-do-Patrim%C3%B4nio-303000040250741\/\">Clique aqui<\/a><\/p>\n","protected":false},"excerpt":{"rendered":"<p>ASSOCIA\u00c7\u00c3O NACIONAL DE PESQUISA EM TECNOLOGIA E CI\u00caNCIA DO PATRIM\u00d4NIO CNPJ: 30.573.338\/0001-01 Endere\u00e7o: Avenida do Contorno, 2.905, sala 406, Bairro Santa Efig\u00eania, Belo Horizonte, MG, CEP 30110-915 Telefone de contato: &#8230;<\/p>\n","protected":false},"author":1,"featured_media":0,"parent":0,"menu_order":0,"comment_status":"closed","ping_status":"closed","template":"","meta":{"footnotes":""},"class_list":["post-61","page","type-page","status-publish","hentry"],"_links":{"self":[{"href":"https:\/\/lacicor.eba.ufmg.br\/antecipa\/index.php\/wp-json\/wp\/v2\/pages\/61","targetHints":{"allow":["GET"]}}],"collection":[{"href":"https:\/\/lacicor.eba.ufmg.br\/antecipa\/index.php\/wp-json\/wp\/v2\/pages"}],"about":[{"href":"https:\/\/lacicor.eba.ufmg.br\/antecipa\/index.php\/wp-json\/wp\/v2\/types\/page"}],"author":[{"embeddable":true,"href":"https:\/\/lacicor.eba.ufmg.br\/antecipa\/index.php\/wp-json\/wp\/v2\/users\/1"}],"replies":[{"embeddable":true,"href":"https:\/\/lacicor.eba.ufmg.br\/antecipa\/index.php\/wp-json\/wp\/v2\/comments?post=61"}],"version-history":[{"count":10,"href":"https:\/\/lacicor.eba.ufmg.br\/antecipa\/index.php\/wp-json\/wp\/v2\/pages\/61\/revisions"}],"predecessor-version":[{"id":1504,"href":"https:\/\/lacicor.eba.ufmg.br\/antecipa\/index.php\/wp-json\/wp\/v2\/pages\/61\/revisions\/1504"}],"wp:attachment":[{"href":"https:\/\/lacicor.eba.ufmg.br\/antecipa\/index.php\/wp-json\/wp\/v2\/media?parent=61"}],"curies":[{"name":"wp","href":"https:\/\/api.w.org\/{rel}","templated":true}]}}