{"id":91,"date":"2018-08-19T18:54:41","date_gmt":"2018-08-19T21:54:41","guid":{"rendered":"http:\/\/lacicor.eba.ufmg.br\/antecipa\/?page_id=91"},"modified":"2019-06-05T10:08:16","modified_gmt":"2019-06-05T13:08:16","slug":"apresentacao","status":"publish","type":"page","link":"https:\/\/lacicor.eba.ufmg.br\/antecipa\/index.php\/apresentacao\/","title":{"rendered":"Apresenta\u00e7\u00e3o"},"content":{"rendered":"\n<p>A\nANTECIPA \u2013 Associa\u00e7\u00e3o Nacional de Pesquisa em Tecnologia e\nCi\u00eancia do Patrim\u00f4nio, foi fundada em dezembro de 2015, durante o\nevento IPERION-BR Primeiro Encontro da Rede de Laborat\u00f3rios\nAssociados, com a participa\u00e7\u00e3o dos principais laborat\u00f3rios\nbrasileiros que realizam pesquisa na \u00e1rea de Ci\u00eancia da\nConserva\u00e7\u00e3o.<\/p>\n\n\n\n<p>A Associa\u00e7\u00e3o foi criada a partir de debates e demandas de grupos brasileiros especialistas no campo do Patrim\u00f4nio Cultural, adotando, desde o in\u00edcio, uma perspectiva transdisciplinar.\u00a0 Seu principal objetivo \u00e9 promover a preserva\u00e7\u00e3o do patrim\u00f4nio cultural, com a coopera\u00e7\u00e3o com universidades, centros de pesquisas, bem como outras entidades e institui\u00e7\u00f5es.<br\/>A ANTECIPA almeja ser um f\u00f3rum de interc\u00e2mbio entre pesquisadores, programas de P\u00f3s-Gradua\u00e7\u00e3o, entidades e organiza\u00e7\u00f5es, promovendo e apoiando a pesquisa transdisciplinar, a produ\u00e7\u00e3o cient\u00edfica e tecnol\u00f3gica e a sistematiza\u00e7\u00e3o, difus\u00e3o e interc\u00e2mbio de informa\u00e7\u00f5es e conhecimentos do campo expandido da Ci\u00eancia do Patrim\u00f4nio. <br\/>Buscamos, por meio da Associa\u00e7\u00e3o, promover a coopera\u00e7\u00e3o t\u00e9cnica com entidades e organismos voltados \u00e0 preserva\u00e7\u00e3o do Patrim\u00f4nio Cultural, no Brasil e no exterior, a forma\u00e7\u00e3o t\u00e9cnica e a organiza\u00e7\u00e3o de eventos t\u00e9cnico-acad\u00eamico-cient\u00edficos.<br\/><\/p>\n\n\n\n<p>A\nANTECIPA concluiu o seu processo de registro como pessoa jur\u00eddica em\n28\/05\/2018 sob o CNPJ 30.573.338\/0001-01.<\/p>\n\n\n\n<p>S\u00e3o\nfinalidades da ANTECIPA:<\/p>\n\n\n\n<p>I\n\u2013 contribuir para a promo\u00e7\u00e3o da pesquisa e preserva\u00e7\u00e3o do\nPatrim\u00f4nio Cultural,<\/p>\n\n\n\n<p>II\n\u2013 apoiar, congregar e fomentar o interc\u00e2mbio entre pesquisadores,\nentidades e organiza\u00e7\u00f5es dos setores p\u00fablico ou privado das\ndiversas \u00e1reas de conhecimento relacionadas \u00e0 pesquisa e\npreserva\u00e7\u00e3o do Patrim\u00f4nio Cultural, em interface no campo\nexpandido da Ci\u00eancia do Patrim\u00f4nio;<\/p>\n\n\n\n<p>III\n\u2013 apoiar e fomentar pesquisa transdisciplinar, a produ\u00e7\u00e3o\ncient\u00edfica e tecnol\u00f3gica, bem como a sistematiza\u00e7\u00e3o, difus\u00e3o e\ninterc\u00e2mbio de informa\u00e7\u00f5es e conhecimentos do campo expandido da\nCi\u00eancia do Patrim\u00f4nio, envolvendo de maneira abrangente os diversos\naspectos da preserva\u00e7\u00e3o e pesquisa do Patrim\u00f4nio Cultural como:\nmateriais e t\u00e9cnicas construtivas, uso, caracteriza\u00e7\u00e3o, hist\u00f3ria,\ndocumenta\u00e7\u00e3o, diagn\u00f3stico, an\u00e1lise cient\u00edfica, conserva\u00e7\u00e3o\npreventiva e curativa, salvaguarda, seguran\u00e7a, restaura\u00e7\u00e3o,\ninterven\u00e7\u00e3o, reabilita\u00e7\u00e3o, revitaliza\u00e7\u00e3o, valora\u00e7\u00e3o, acesso,\nextrovers\u00e3o, exposi\u00e7\u00e3o, interpreta\u00e7\u00e3o, gest\u00e3o e outros que\nforem do interesse da Associa\u00e7\u00e3o;<\/p>\n\n\n\n<p>IV\u2013\napoiar e fomentar a coopera\u00e7\u00e3o t\u00e9cnica com entidades e organismos\nvoltados \u00e0 pesquisa e preserva\u00e7\u00e3o do Patrim\u00f4nio Cultural, no\nBrasil e no exterior;<\/p>\n\n\n\n<p>V\u2013\napoiar e fomentar a forma\u00e7\u00e3o e capacita\u00e7\u00e3o profissional e para\npesquisa e preserva\u00e7\u00e3o do Patrim\u00f4nio Cultural, no campo expandido\nda Ci\u00eancia do Patrim\u00f4nio;<\/p>\n\n\n\n<p>VI\n&#8211; organizar e apoiar encontros, semin\u00e1rios, conven\u00e7\u00f5es,\ncongressos, ciclos de estudos, confer\u00eancias, cursos, e outras\nreuni\u00f5es de cunho t\u00e9cnico-acad\u00eamico-cient\u00edfico de difus\u00e3o e\ninterc\u00e2mbio;<\/p>\n\n\n\n<p>\nVII\t\u2013\napoiar e fomentar a\u00e7\u00f5es visando o aumento do n\u00edvel de qualidade da\npesquisa no campo expandido da Ci\u00eancia do Patrim\u00f4nio;<\/p>\n\n\n\n<p>VIII\t\u2013\napoiar e fomentar condi\u00e7\u00f5es para a implanta\u00e7\u00e3o da coopera\u00e7\u00e3o e\nparceria entre institui\u00e7\u00f5es de ensino e pesquisa, empresas,\ngovernos e ag\u00eancias nacionais e internacionais voltadas \u00e0 pesquisa\ne preserva\u00e7\u00e3o do Patrim\u00f4nio Cultural, nos seus diversos n\u00edveis,\ncom a finalidade de aumentar o interc\u00e2mbio do conhecimento e sua\naplica\u00e7\u00e3o em a\u00e7\u00f5es de desenvolvimento local, regional e nacional,\nparticipando dessas parcerias sempre que pertinente;<\/p>\n\n\n\n<p>IX\n\u2013 representar a comunidade t\u00e9cnico-cient\u00edfica brasileira\nenvolvida com a preserva\u00e7\u00e3o e pesquisa do Patrim\u00f4nio Cultural,\natuando junto \u00e0s ag\u00eancias de coordena\u00e7\u00e3o e financiamento de\npesquisa no Brasil e no exterior, bem como nos Colegiados, Conselhos\ne F\u00f3runs cong\u00eaneres privados ou da Administra\u00e7\u00e3o P\u00fablica direta\nou indireta, principalmente naqueles em que tiver assento, na defesa\nda preserva\u00e7\u00e3o e pesquisa do Patrim\u00f4nio Cultural e no interesse\ndos seus associados;<\/p>\n","protected":false},"excerpt":{"rendered":"<p>A ANTECIPA \u2013 Associa\u00e7\u00e3o Nacional de Pesquisa em Tecnologia e Ci\u00eancia do Patrim\u00f4nio, foi fundada em dezembro de 2015, durante o evento IPERION-BR Primeiro Encontro da Rede de Laborat\u00f3rios Associados, &#8230;<\/p>\n","protected":false},"author":1,"featured_media":0,"parent":0,"menu_order":0,"comment_status":"closed","ping_status":"closed","template":"","meta":{"footnotes":""},"class_list":["post-91","page","type-page","status-publish","hentry"],"_links":{"self":[{"href":"https:\/\/lacicor.eba.ufmg.br\/antecipa\/index.php\/wp-json\/wp\/v2\/pages\/91","targetHints":{"allow":["GET"]}}],"collection":[{"href":"https:\/\/lacicor.eba.ufmg.br\/antecipa\/index.php\/wp-json\/wp\/v2\/pages"}],"about":[{"href":"https:\/\/lacicor.eba.ufmg.br\/antecipa\/index.php\/wp-json\/wp\/v2\/types\/page"}],"author":[{"embeddable":true,"href":"https:\/\/lacicor.eba.ufmg.br\/antecipa\/index.php\/wp-json\/wp\/v2\/users\/1"}],"replies":[{"embeddable":true,"href":"https:\/\/lacicor.eba.ufmg.br\/antecipa\/index.php\/wp-json\/wp\/v2\/comments?post=91"}],"version-history":[{"count":4,"href":"https:\/\/lacicor.eba.ufmg.br\/antecipa\/index.php\/wp-json\/wp\/v2\/pages\/91\/revisions"}],"predecessor-version":[{"id":594,"href":"https:\/\/lacicor.eba.ufmg.br\/antecipa\/index.php\/wp-json\/wp\/v2\/pages\/91\/revisions\/594"}],"wp:attachment":[{"href":"https:\/\/lacicor.eba.ufmg.br\/antecipa\/index.php\/wp-json\/wp\/v2\/media?parent=91"}],"curies":[{"name":"wp","href":"https:\/\/api.w.org\/{rel}","templated":true}]}}